{"id":170047,"date":"2025-04-02T18:01:19","date_gmt":"2025-04-02T22:01:19","guid":{"rendered":"https:\/\/dev.recyborg.com\/?post_type=product&#038;p=170047"},"modified":"2026-01-22T14:51:15","modified_gmt":"2026-01-22T19:51:15","slug":"douille-impact-3-8-jet-proto-1-2-drive-vendue-a-lunite","status":"publish","type":"product","link":"https:\/\/dev.recyborg.com\/fr\/shop\/outillage\/douille-impact-socket-imperial-vendu-a-lunite-3ch-gray-jet-proto-remplacement-1-2-drive\/","title":{"rendered":"Douille d'impact imp\u00e9riale vendue \u00e0 l'unit\u00e9 3$ch (Gray, JET, Proto) \u2013 remplacement d'entra\u00eenement 1\/2\u2033"},"content":{"rendered":"","protected":false},"excerpt":{"rendered":"<p>3$ch disponibles sur place seulement<\/p>","protected":false},"author":1,"featured_media":170020,"template":"","meta":{"_acf_changed":false,"iawp_total_views":49},"product_brand":[],"product_cat":[45],"product_tag":[],"class_list":{"0":"post-170047","1":"product","2":"type-product","3":"status-publish","4":"has-post-thumbnail","6":"product_cat-outillage","7":"product_shipping_class-encombrant","9":"first","10":"instock","11":"featured","12":"taxable","13":"shipping-taxable","14":"product-type-simple"},"acf":[],"yoast_head":"<!-- This site is optimized with the Yoast SEO plugin v27.5 - https:\/\/yoast.com\/product\/yoast-seo-wordpress\/ -->\n<title>Douille - impact socket imp\u00e9rial vendu \u00e0 l&#039;unit\u00e9 3$ch (Gray, JET, Proto) - remplacement 1\/2&quot; drive - RECYBORG<\/title>\n<meta name=\"description\" content=\"%\" \/>\n<meta name=\"robots\" content=\"noindex, follow, max-snippet:-1, max-image-preview:large, max-video-preview:-1\" \/>\n<meta property=\"og:locale\" content=\"fr_CA\" \/>\n<meta property=\"og:type\" content=\"article\" \/>\n<meta property=\"og:title\" content=\"Douille - impact socket imp\u00e9rial vendu \u00e0 l&#039;unit\u00e9 3$ch (Gray, JET, Proto) - remplacement 1\/2&quot; drive - RECYBORG\" \/>\n<meta property=\"og:description\" content=\"%\" \/>\n<meta property=\"og:url\" content=\"https:\/\/dev.recyborg.com\/fr\/shop\/outillage\/douille-impact-3-8-jet-proto-1-2-drive-vendue-a-lunite\/\" \/>\n<meta property=\"og:site_name\" content=\"RECYBORG\" \/>\n<meta property=\"article:publisher\" content=\"https:\/\/www.facebook.com\/people\/Recyborg\/100057282436718\/\" \/>\n<meta property=\"article:modified_time\" content=\"2026-01-22T19:51:15+00:00\" \/>\n<meta property=\"og:image\" content=\"https:\/\/recyborg-www.nyc3.digitaloceanspaces.com\/wp-content\/uploads\/2025\/04\/02172202\/20250402_165445.redimensionne-1072x1440.jpg\" \/>\n\t<meta property=\"og:image:width\" content=\"1072\" \/>\n\t<meta property=\"og:image:height\" content=\"1440\" \/>\n\t<meta property=\"og:image:type\" content=\"image\/jpeg\" \/>\n<meta name=\"twitter:card\" content=\"summary_large_image\" \/>\n<script type=\"application\/ld+json\" class=\"yoast-schema-graph\">{\"@context\":\"https:\\\/\\\/schema.org\",\"@graph\":[{\"@type\":\"WebPage\",\"@id\":\"https:\\\/\\\/dev.recyborg.com\\\/shop\\\/outillage\\\/douille-impact-socket-imperial-vendu-a-lunite-3ch-gray-jet-proto-remplacement-1-2-drive\\\/\",\"url\":\"https:\\\/\\\/dev.recyborg.com\\\/shop\\\/outillage\\\/douille-impact-socket-imperial-vendu-a-lunite-3ch-gray-jet-proto-remplacement-1-2-drive\\\/\",\"name\":\"Douille - impact socket imp\u00e9rial vendu \u00e0 l'unit\u00e9 3$ch (Gray, JET, Proto) - remplacement 1\\\/2\\\" drive - RECYBORG\",\"isPartOf\":{\"@id\":\"https:\\\/\\\/dev.recyborg.com\\\/#website\"},\"primaryImageOfPage\":{\"@id\":\"https:\\\/\\\/dev.recyborg.com\\\/shop\\\/outillage\\\/douille-impact-socket-imperial-vendu-a-lunite-3ch-gray-jet-proto-remplacement-1-2-drive\\\/#primaryimage\"},\"image\":{\"@id\":\"https:\\\/\\\/dev.recyborg.com\\\/shop\\\/outillage\\\/douille-impact-socket-imperial-vendu-a-lunite-3ch-gray-jet-proto-remplacement-1-2-drive\\\/#primaryimage\"},\"thumbnailUrl\":\"https:\\\/\\\/recyborg-www.nyc3.digitaloceanspaces.com\\\/wp-content\\\/uploads\\\/2025\\\/04\\\/02172202\\\/20250402_165445.redimensionne-1072x1440.jpg\",\"datePublished\":\"2025-04-02T22:01:19+00:00\",\"dateModified\":\"2026-01-22T19:51:15+00:00\",\"description\":\"%\",\"breadcrumb\":{\"@id\":\"https:\\\/\\\/dev.recyborg.com\\\/shop\\\/outillage\\\/douille-impact-socket-imperial-vendu-a-lunite-3ch-gray-jet-proto-remplacement-1-2-drive\\\/#breadcrumb\"},\"inLanguage\":\"fr-CA\",\"potentialAction\":[{\"@type\":\"ReadAction\",\"target\":[\"https:\\\/\\\/dev.recyborg.com\\\/shop\\\/outillage\\\/douille-impact-socket-imperial-vendu-a-lunite-3ch-gray-jet-proto-remplacement-1-2-drive\\\/\"]}]},{\"@type\":\"ImageObject\",\"inLanguage\":\"fr-CA\",\"@id\":\"https:\\\/\\\/dev.recyborg.com\\\/shop\\\/outillage\\\/douille-impact-socket-imperial-vendu-a-lunite-3ch-gray-jet-proto-remplacement-1-2-drive\\\/#primaryimage\",\"url\":\"https:\\\/\\\/recyborg-www.nyc3.digitaloceanspaces.com\\\/wp-content\\\/uploads\\\/2025\\\/04\\\/02172202\\\/20250402_165445.redimensionne-1072x1440.jpg\",\"contentUrl\":\"https:\\\/\\\/recyborg-www.nyc3.digitaloceanspaces.com\\\/wp-content\\\/uploads\\\/2025\\\/04\\\/02172202\\\/20250402_165445.redimensionne-1072x1440.jpg\",\"width\":1072,\"height\":1440},{\"@type\":\"BreadcrumbList\",\"@id\":\"https:\\\/\\\/dev.recyborg.com\\\/shop\\\/outillage\\\/douille-impact-socket-imperial-vendu-a-lunite-3ch-gray-jet-proto-remplacement-1-2-drive\\\/#breadcrumb\",\"itemListElement\":[{\"@type\":\"ListItem\",\"position\":1,\"name\":\"Home\",\"item\":\"https:\\\/\\\/dev.recyborg.com\\\/\"},{\"@type\":\"ListItem\",\"position\":2,\"name\":\"INVENTORY\",\"item\":\"https:\\\/\\\/dev.recyborg.com\\\/inventory\\\/?lang=en\"},{\"@type\":\"ListItem\",\"position\":3,\"name\":\"Douille &#8211; impact socket imp\u00e9rial vendu \u00e0 l&rsquo;unit\u00e9 3$ch (Gray, JET, Proto) &#8211; remplacement 1\\\/2&Prime; drive\"}]},{\"@type\":\"WebSite\",\"@id\":\"https:\\\/\\\/dev.recyborg.com\\\/#website\",\"url\":\"https:\\\/\\\/dev.recyborg.com\\\/\",\"name\":\"RECYBORG\",\"description\":\"Ressourcerie et point de recyclage \u00e0 Montr\u00e9al\",\"publisher\":{\"@id\":\"https:\\\/\\\/dev.recyborg.com\\\/#organization\"},\"potentialAction\":[{\"@type\":\"SearchAction\",\"target\":{\"@type\":\"EntryPoint\",\"urlTemplate\":\"https:\\\/\\\/dev.recyborg.com\\\/?s={search_term_string}\"},\"query-input\":{\"@type\":\"PropertyValueSpecification\",\"valueRequired\":true,\"valueName\":\"search_term_string\"}}],\"inLanguage\":\"fr-CA\"},{\"@type\":\"Organization\",\"@id\":\"https:\\\/\\\/dev.recyborg.com\\\/#organization\",\"name\":\"Coop Recyborg\",\"url\":\"https:\\\/\\\/dev.recyborg.com\\\/\",\"logo\":{\"@type\":\"ImageObject\",\"inLanguage\":\"fr-CA\",\"@id\":\"https:\\\/\\\/dev.recyborg.com\\\/#\\\/schema\\\/logo\\\/image\\\/\",\"url\":\"https:\\\/\\\/recyborg-www.nyc3.digitaloceanspaces.com\\\/wp-content\\\/uploads\\\/2025\\\/08\\\/28161503\\\/Screenshot-from-2025-08-28-16-14-23.png\",\"contentUrl\":\"https:\\\/\\\/recyborg-www.nyc3.digitaloceanspaces.com\\\/wp-content\\\/uploads\\\/2025\\\/08\\\/28161503\\\/Screenshot-from-2025-08-28-16-14-23.png\",\"width\":255,\"height\":41,\"caption\":\"Coop Recyborg\"},\"image\":{\"@id\":\"https:\\\/\\\/dev.recyborg.com\\\/#\\\/schema\\\/logo\\\/image\\\/\"},\"sameAs\":[\"https:\\\/\\\/www.facebook.com\\\/people\\\/Recyborg\\\/100057282436718\\\/\"]}]}<\/script>\n<!-- \/ Yoast SEO plugin. -->","yoast_head_json":{"title":"Douille \u00e0 choc imp\u00e9riale, vendue \u00e0 l'unit\u00e9 3$ch (Gray, JET, Proto) - remplacement 1\/2\" drive - RECYBORG","description":"%","robots":{"index":"noindex","follow":"follow","max-snippet":"max-snippet:-1","max-image-preview":"max-image-preview:large","max-video-preview":"max-video-preview:-1"},"og_locale":"fr_CA","og_type":"article","og_title":"Douille - impact socket imp\u00e9rial vendu \u00e0 l'unit\u00e9 3$ch (Gray, JET, Proto) - remplacement 1\/2\" drive - RECYBORG","og_description":"%","og_url":"https:\/\/dev.recyborg.com\/fr\/shop\/outillage\/douille-impact-3-8-jet-proto-1-2-drive-vendue-a-lunite\/","og_site_name":"RECYBORG","article_publisher":"https:\/\/www.facebook.com\/people\/Recyborg\/100057282436718\/","article_modified_time":"2026-01-22T19:51:15+00:00","og_image":[{"width":1072,"height":1440,"url":"https:\/\/recyborg-www.nyc3.digitaloceanspaces.com\/wp-content\/uploads\/2025\/04\/02172202\/20250402_165445.redimensionne-1072x1440.jpg","type":"image\/jpeg"}],"twitter_card":"summary_large_image","schema":{"@context":"https:\/\/schema.org","@graph":[{"@type":"WebPage","@id":"https:\/\/dev.recyborg.com\/shop\/outillage\/douille-impact-socket-imperial-vendu-a-lunite-3ch-gray-jet-proto-remplacement-1-2-drive\/","url":"https:\/\/dev.recyborg.com\/shop\/outillage\/douille-impact-socket-imperial-vendu-a-lunite-3ch-gray-jet-proto-remplacement-1-2-drive\/","name":"Douille \u00e0 choc imp\u00e9riale, vendue \u00e0 l'unit\u00e9 3$ch (Gray, JET, Proto) - remplacement 1\/2\" drive - RECYBORG","isPartOf":{"@id":"https:\/\/dev.recyborg.com\/#website"},"primaryImageOfPage":{"@id":"https:\/\/dev.recyborg.com\/shop\/outillage\/douille-impact-socket-imperial-vendu-a-lunite-3ch-gray-jet-proto-remplacement-1-2-drive\/#primaryimage"},"image":{"@id":"https:\/\/dev.recyborg.com\/shop\/outillage\/douille-impact-socket-imperial-vendu-a-lunite-3ch-gray-jet-proto-remplacement-1-2-drive\/#primaryimage"},"thumbnailUrl":"https:\/\/recyborg-www.nyc3.digitaloceanspaces.com\/wp-content\/uploads\/2025\/04\/02172202\/20250402_165445.redimensionne-1072x1440.jpg","datePublished":"2025-04-02T22:01:19+00:00","dateModified":"2026-01-22T19:51:15+00:00","description":"%","breadcrumb":{"@id":"https:\/\/dev.recyborg.com\/shop\/outillage\/douille-impact-socket-imperial-vendu-a-lunite-3ch-gray-jet-proto-remplacement-1-2-drive\/#breadcrumb"},"inLanguage":"fr-CA","potentialAction":[{"@type":"ReadAction","target":["https:\/\/dev.recyborg.com\/shop\/outillage\/douille-impact-socket-imperial-vendu-a-lunite-3ch-gray-jet-proto-remplacement-1-2-drive\/"]}]},{"@type":"ImageObject","inLanguage":"fr-CA","@id":"https:\/\/dev.recyborg.com\/shop\/outillage\/douille-impact-socket-imperial-vendu-a-lunite-3ch-gray-jet-proto-remplacement-1-2-drive\/#primaryimage","url":"https:\/\/recyborg-www.nyc3.digitaloceanspaces.com\/wp-content\/uploads\/2025\/04\/02172202\/20250402_165445.redimensionne-1072x1440.jpg","contentUrl":"https:\/\/recyborg-www.nyc3.digitaloceanspaces.com\/wp-content\/uploads\/2025\/04\/02172202\/20250402_165445.redimensionne-1072x1440.jpg","width":1072,"height":1440},{"@type":"BreadcrumbList","@id":"https:\/\/dev.recyborg.com\/shop\/outillage\/douille-impact-socket-imperial-vendu-a-lunite-3ch-gray-jet-proto-remplacement-1-2-drive\/#breadcrumb","itemListElement":[{"@type":"ListItem","position":1,"name":"Home","item":"https:\/\/dev.recyborg.com\/"},{"@type":"ListItem","position":2,"name":"INVENTORY","item":"https:\/\/dev.recyborg.com\/inventory\/?lang=en"},{"@type":"ListItem","position":3,"name":"Douille &#8211; impact socket imp\u00e9rial vendu \u00e0 l&rsquo;unit\u00e9 3$ch (Gray, JET, Proto) &#8211; remplacement 1\/2&Prime; drive"}]},{"@type":"WebSite","@id":"https:\/\/dev.recyborg.com\/#website","url":"https:\/\/dev.recyborg.com\/","name":"RECYBORG","description":"Ressourcerie et point de recyclage \u00e0 Montr\u00e9al","publisher":{"@id":"https:\/\/dev.recyborg.com\/#organization"},"potentialAction":[{"@type":"SearchAction","target":{"@type":"EntryPoint","urlTemplate":"https:\/\/dev.recyborg.com\/?s={search_term_string}"},"query-input":{"@type":"PropertyValueSpecification","valueRequired":true,"valueName":"search_term_string"}}],"inLanguage":"fr-CA"},{"@type":"Organization","@id":"https:\/\/dev.recyborg.com\/#organization","name":"Coop Recyborg","url":"https:\/\/dev.recyborg.com\/","logo":{"@type":"ImageObject","inLanguage":"fr-CA","@id":"https:\/\/dev.recyborg.com\/#\/schema\/logo\/image\/","url":"https:\/\/recyborg-www.nyc3.digitaloceanspaces.com\/wp-content\/uploads\/2025\/08\/28161503\/Screenshot-from-2025-08-28-16-14-23.png","contentUrl":"https:\/\/recyborg-www.nyc3.digitaloceanspaces.com\/wp-content\/uploads\/2025\/08\/28161503\/Screenshot-from-2025-08-28-16-14-23.png","width":255,"height":41,"caption":"Coop Recyborg"},"image":{"@id":"https:\/\/dev.recyborg.com\/#\/schema\/logo\/image\/"},"sameAs":["https:\/\/www.facebook.com\/people\/Recyborg\/100057282436718\/"]}]}},"_links":{"self":[{"href":"https:\/\/dev.recyborg.com\/fr\/wp-json\/wp\/v2\/product\/170047","targetHints":{"allow":["GET"]}}],"collection":[{"href":"https:\/\/dev.recyborg.com\/fr\/wp-json\/wp\/v2\/product"}],"about":[{"href":"https:\/\/dev.recyborg.com\/fr\/wp-json\/wp\/v2\/types\/product"}],"author":[{"embeddable":true,"href":"https:\/\/dev.recyborg.com\/fr\/wp-json\/wp\/v2\/users\/1"}],"wp:featuredmedia":[{"embeddable":true,"href":"https:\/\/dev.recyborg.com\/fr\/wp-json\/wp\/v2\/media\/170020"}],"wp:attachment":[{"href":"https:\/\/dev.recyborg.com\/fr\/wp-json\/wp\/v2\/media?parent=170047"}],"wp:term":[{"taxonomy":"product_brand","embeddable":true,"href":"https:\/\/dev.recyborg.com\/fr\/wp-json\/wp\/v2\/product_brand?post=170047"},{"taxonomy":"product_cat","embeddable":true,"href":"https:\/\/dev.recyborg.com\/fr\/wp-json\/wp\/v2\/product_cat?post=170047"},{"taxonomy":"product_tag","embeddable":true,"href":"https:\/\/dev.recyborg.com\/fr\/wp-json\/wp\/v2\/product_tag?post=170047"}],"curies":[{"name":"wp","href":"https:\/\/api.w.org\/{rel}","templated":true}]}}