{"id":123233,"date":"2024-04-29T18:08:22","date_gmt":"2024-04-29T22:08:22","guid":{"rendered":"https:\/\/dev.recyborg.com\/?post_type=product&#038;p=123233"},"modified":"2026-02-24T18:14:11","modified_gmt":"2026-02-24T23:14:11","slug":"tv-television-non-fonctionnel-a-reparer-ou-pour-pieces","status":"publish","type":"product","link":"https:\/\/dev.recyborg.com\/fr\/shop\/materiel-audio-video\/television\/tv-television-non-fonctionnel-a-reparer-ou-pour-pieces\/","title":{"rendered":"TV \u2013 t\u00e9l\u00e9vision NON FONCTIONNELLE (\u00e0 r\u00e9parer ou pour pi\u00e8ces)"},"content":{"rendered":"<p>En tant que point de d\u00e9p\u00f4t pour les produits \u00e9lectroniques (serpuariens), c&#8217;est fou la quantit\u00e9 de TV qu&#8217;on re\u00e7oit pour le recyclage.<\/p>\n<p>En g\u00e9n\u00e9ral on demande l&#8217;information sur les sympt\u00f4mes du genre : allume pas, \u00e9teint tout seul, \u00e9cran bris\u00e9, etc.<\/p>\n<p>Pas d&#8217;inventaire pr\u00e9cis pour \u00e7a, disponible sur place seulement. Nous, quand le bac est plein, on appelle le programme de recyclage pour un ramassage. Mais on en a pas mal tout le temps.<\/p>\n<p>Photo \u00e0 titre indicatif seulement.<\/p>\n<p>15$ch tel quel<\/p>\n<p>on en a aux deux emplacements, Hochelaga et Pointe St-Charles<\/p>","protected":false},"excerpt":{"rendered":"<p>En tant que point de d\u00e9p\u00f4t pour les produits \u00e9lectroniques (serpuariens), c&#8217;est fou la quantit\u00e9 de TV qu&#8217;on re\u00e7oit pour le recyclage. En g\u00e9n\u00e9ral on demande l&#8217;information sur les sympt\u00f4mes du genre : allume pas, \u00e9teint tout seul, \u00e9cran bris\u00e9, etc. Pas d&#8217;inventaire pr\u00e9cis pour \u00e7a, disponible sur place seulement. Nous, quand le bac est [&hellip;]<\/p>\n","protected":false},"author":1,"featured_media":123211,"template":"","meta":{"_acf_changed":false,"iawp_total_views":400},"product_brand":[],"product_cat":[77,2261],"product_tag":[],"class_list":{"0":"post-123233","1":"product","2":"type-product","3":"status-publish","4":"has-post-thumbnail","6":"product_cat-materiel-audio-video","7":"product_cat-television","8":"product_shipping_class-encombrant","10":"first","11":"instock","12":"taxable","13":"shipping-taxable","14":"product-type-simple"},"acf":[],"yoast_head":"<!-- This site is optimized with the Yoast SEO plugin v27.4 - https:\/\/yoast.com\/product\/yoast-seo-wordpress\/ -->\n<title>TV - t\u00e9l\u00e9vision NON-FONCTIONNEL (\u00e0 r\u00e9parer ou pour pi\u00e8ces) - RECYBORG<\/title>\n<meta name=\"description\" content=\"%\" \/>\n<meta name=\"robots\" content=\"noindex, follow, max-snippet:-1, max-image-preview:large, max-video-preview:-1\" \/>\n<meta property=\"og:locale\" content=\"fr_CA\" \/>\n<meta property=\"og:type\" content=\"article\" \/>\n<meta property=\"og:title\" content=\"TV - t\u00e9l\u00e9vision NON-FONCTIONNEL (\u00e0 r\u00e9parer ou pour pi\u00e8ces) - RECYBORG\" \/>\n<meta property=\"og:description\" content=\"%\" \/>\n<meta property=\"og:url\" content=\"https:\/\/dev.recyborg.com\/fr\/shop\/materiel-audio-video\/television\/tv-television-non-fonctionnel-a-reparer-ou-pour-pieces\/\" \/>\n<meta property=\"og:site_name\" content=\"RECYBORG\" \/>\n<meta property=\"article:publisher\" content=\"https:\/\/www.facebook.com\/people\/Recyborg\/100057282436718\/\" \/>\n<meta property=\"article:modified_time\" content=\"2026-02-24T23:14:11+00:00\" \/>\n<meta property=\"og:image\" content=\"https:\/\/recyborg-www.nyc3.digitaloceanspaces.com\/wp-content\/uploads\/2024\/04\/29173430\/20240429_161621.redimensionne-1440x1080.jpg\" \/>\n\t<meta property=\"og:image:width\" content=\"1440\" \/>\n\t<meta property=\"og:image:height\" content=\"1080\" \/>\n\t<meta property=\"og:image:type\" content=\"image\/jpeg\" \/>\n<meta name=\"twitter:card\" content=\"summary_large_image\" \/>\n<script type=\"application\/ld+json\" class=\"yoast-schema-graph\">{\"@context\":\"https:\\\/\\\/schema.org\",\"@graph\":[{\"@type\":\"WebPage\",\"@id\":\"https:\\\/\\\/dev.recyborg.com\\\/shop\\\/materiel-audio-video\\\/television\\\/tv-television-non-fonctionnel-a-reparer-ou-pour-pieces\\\/\",\"url\":\"https:\\\/\\\/dev.recyborg.com\\\/shop\\\/materiel-audio-video\\\/television\\\/tv-television-non-fonctionnel-a-reparer-ou-pour-pieces\\\/\",\"name\":\"TV - t\u00e9l\u00e9vision NON-FONCTIONNEL (\u00e0 r\u00e9parer ou pour pi\u00e8ces) - RECYBORG\",\"isPartOf\":{\"@id\":\"https:\\\/\\\/dev.recyborg.com\\\/#website\"},\"primaryImageOfPage\":{\"@id\":\"https:\\\/\\\/dev.recyborg.com\\\/shop\\\/materiel-audio-video\\\/television\\\/tv-television-non-fonctionnel-a-reparer-ou-pour-pieces\\\/#primaryimage\"},\"image\":{\"@id\":\"https:\\\/\\\/dev.recyborg.com\\\/shop\\\/materiel-audio-video\\\/television\\\/tv-television-non-fonctionnel-a-reparer-ou-pour-pieces\\\/#primaryimage\"},\"thumbnailUrl\":\"https:\\\/\\\/recyborg-www.nyc3.digitaloceanspaces.com\\\/wp-content\\\/uploads\\\/2024\\\/04\\\/29173430\\\/20240429_161621.redimensionne-1440x1080.jpg\",\"datePublished\":\"2024-04-29T22:08:22+00:00\",\"dateModified\":\"2026-02-24T23:14:11+00:00\",\"description\":\"%\",\"breadcrumb\":{\"@id\":\"https:\\\/\\\/dev.recyborg.com\\\/shop\\\/materiel-audio-video\\\/television\\\/tv-television-non-fonctionnel-a-reparer-ou-pour-pieces\\\/#breadcrumb\"},\"inLanguage\":\"fr-CA\",\"potentialAction\":[{\"@type\":\"ReadAction\",\"target\":[\"https:\\\/\\\/dev.recyborg.com\\\/shop\\\/materiel-audio-video\\\/television\\\/tv-television-non-fonctionnel-a-reparer-ou-pour-pieces\\\/\"]}]},{\"@type\":\"ImageObject\",\"inLanguage\":\"fr-CA\",\"@id\":\"https:\\\/\\\/dev.recyborg.com\\\/shop\\\/materiel-audio-video\\\/television\\\/tv-television-non-fonctionnel-a-reparer-ou-pour-pieces\\\/#primaryimage\",\"url\":\"https:\\\/\\\/recyborg-www.nyc3.digitaloceanspaces.com\\\/wp-content\\\/uploads\\\/2024\\\/04\\\/29173430\\\/20240429_161621.redimensionne-1440x1080.jpg\",\"contentUrl\":\"https:\\\/\\\/recyborg-www.nyc3.digitaloceanspaces.com\\\/wp-content\\\/uploads\\\/2024\\\/04\\\/29173430\\\/20240429_161621.redimensionne-1440x1080.jpg\",\"width\":1440,\"height\":1080},{\"@type\":\"BreadcrumbList\",\"@id\":\"https:\\\/\\\/dev.recyborg.com\\\/shop\\\/materiel-audio-video\\\/television\\\/tv-television-non-fonctionnel-a-reparer-ou-pour-pieces\\\/#breadcrumb\",\"itemListElement\":[{\"@type\":\"ListItem\",\"position\":1,\"name\":\"Home\",\"item\":\"https:\\\/\\\/dev.recyborg.com\\\/\"},{\"@type\":\"ListItem\",\"position\":2,\"name\":\"INVENTORY\",\"item\":\"https:\\\/\\\/dev.recyborg.com\\\/inventory\\\/?lang=en\"},{\"@type\":\"ListItem\",\"position\":3,\"name\":\"TV &#8211; t\u00e9l\u00e9vision NON-FONCTIONNEL (\u00e0 r\u00e9parer ou pour pi\u00e8ces)\"}]},{\"@type\":\"WebSite\",\"@id\":\"https:\\\/\\\/dev.recyborg.com\\\/#website\",\"url\":\"https:\\\/\\\/dev.recyborg.com\\\/\",\"name\":\"RECYBORG\",\"description\":\"Ressourcerie et point de recyclage \u00e0 Montr\u00e9al\",\"publisher\":{\"@id\":\"https:\\\/\\\/dev.recyborg.com\\\/#organization\"},\"potentialAction\":[{\"@type\":\"SearchAction\",\"target\":{\"@type\":\"EntryPoint\",\"urlTemplate\":\"https:\\\/\\\/dev.recyborg.com\\\/?s={search_term_string}\"},\"query-input\":{\"@type\":\"PropertyValueSpecification\",\"valueRequired\":true,\"valueName\":\"search_term_string\"}}],\"inLanguage\":\"fr-CA\"},{\"@type\":\"Organization\",\"@id\":\"https:\\\/\\\/dev.recyborg.com\\\/#organization\",\"name\":\"Coop Recyborg\",\"url\":\"https:\\\/\\\/dev.recyborg.com\\\/\",\"logo\":{\"@type\":\"ImageObject\",\"inLanguage\":\"fr-CA\",\"@id\":\"https:\\\/\\\/dev.recyborg.com\\\/#\\\/schema\\\/logo\\\/image\\\/\",\"url\":\"https:\\\/\\\/recyborg-www.nyc3.digitaloceanspaces.com\\\/wp-content\\\/uploads\\\/2025\\\/08\\\/28161503\\\/Screenshot-from-2025-08-28-16-14-23.png\",\"contentUrl\":\"https:\\\/\\\/recyborg-www.nyc3.digitaloceanspaces.com\\\/wp-content\\\/uploads\\\/2025\\\/08\\\/28161503\\\/Screenshot-from-2025-08-28-16-14-23.png\",\"width\":255,\"height\":41,\"caption\":\"Coop Recyborg\"},\"image\":{\"@id\":\"https:\\\/\\\/dev.recyborg.com\\\/#\\\/schema\\\/logo\\\/image\\\/\"},\"sameAs\":[\"https:\\\/\\\/www.facebook.com\\\/people\\\/Recyborg\\\/100057282436718\\\/\"]}]}<\/script>\n<!-- \/ Yoast SEO plugin. -->","yoast_head_json":{"title":"TV - t\u00e9l\u00e9vision NON-FONCTIONNEL (\u00e0 r\u00e9parer ou pour pi\u00e8ces) - RECYBORG","description":"%","robots":{"index":"noindex","follow":"follow","max-snippet":"max-snippet:-1","max-image-preview":"max-image-preview:large","max-video-preview":"max-video-preview:-1"},"og_locale":"fr_CA","og_type":"article","og_title":"TV - t\u00e9l\u00e9vision NON-FONCTIONNEL (\u00e0 r\u00e9parer ou pour pi\u00e8ces) - RECYBORG","og_description":"%","og_url":"https:\/\/dev.recyborg.com\/fr\/shop\/materiel-audio-video\/television\/tv-television-non-fonctionnel-a-reparer-ou-pour-pieces\/","og_site_name":"RECYBORG","article_publisher":"https:\/\/www.facebook.com\/people\/Recyborg\/100057282436718\/","article_modified_time":"2026-02-24T23:14:11+00:00","og_image":[{"width":1440,"height":1080,"url":"https:\/\/recyborg-www.nyc3.digitaloceanspaces.com\/wp-content\/uploads\/2024\/04\/29173430\/20240429_161621.redimensionne-1440x1080.jpg","type":"image\/jpeg"}],"twitter_card":"summary_large_image","schema":{"@context":"https:\/\/schema.org","@graph":[{"@type":"WebPage","@id":"https:\/\/dev.recyborg.com\/shop\/materiel-audio-video\/television\/tv-television-non-fonctionnel-a-reparer-ou-pour-pieces\/","url":"https:\/\/dev.recyborg.com\/shop\/materiel-audio-video\/television\/tv-television-non-fonctionnel-a-reparer-ou-pour-pieces\/","name":"TV - t\u00e9l\u00e9vision NON-FONCTIONNEL (\u00e0 r\u00e9parer ou pour pi\u00e8ces) - RECYBORG","isPartOf":{"@id":"https:\/\/dev.recyborg.com\/#website"},"primaryImageOfPage":{"@id":"https:\/\/dev.recyborg.com\/shop\/materiel-audio-video\/television\/tv-television-non-fonctionnel-a-reparer-ou-pour-pieces\/#primaryimage"},"image":{"@id":"https:\/\/dev.recyborg.com\/shop\/materiel-audio-video\/television\/tv-television-non-fonctionnel-a-reparer-ou-pour-pieces\/#primaryimage"},"thumbnailUrl":"https:\/\/recyborg-www.nyc3.digitaloceanspaces.com\/wp-content\/uploads\/2024\/04\/29173430\/20240429_161621.redimensionne-1440x1080.jpg","datePublished":"2024-04-29T22:08:22+00:00","dateModified":"2026-02-24T23:14:11+00:00","description":"%","breadcrumb":{"@id":"https:\/\/dev.recyborg.com\/shop\/materiel-audio-video\/television\/tv-television-non-fonctionnel-a-reparer-ou-pour-pieces\/#breadcrumb"},"inLanguage":"fr-CA","potentialAction":[{"@type":"ReadAction","target":["https:\/\/dev.recyborg.com\/shop\/materiel-audio-video\/television\/tv-television-non-fonctionnel-a-reparer-ou-pour-pieces\/"]}]},{"@type":"ImageObject","inLanguage":"fr-CA","@id":"https:\/\/dev.recyborg.com\/shop\/materiel-audio-video\/television\/tv-television-non-fonctionnel-a-reparer-ou-pour-pieces\/#primaryimage","url":"https:\/\/recyborg-www.nyc3.digitaloceanspaces.com\/wp-content\/uploads\/2024\/04\/29173430\/20240429_161621.redimensionne-1440x1080.jpg","contentUrl":"https:\/\/recyborg-www.nyc3.digitaloceanspaces.com\/wp-content\/uploads\/2024\/04\/29173430\/20240429_161621.redimensionne-1440x1080.jpg","width":1440,"height":1080},{"@type":"BreadcrumbList","@id":"https:\/\/dev.recyborg.com\/shop\/materiel-audio-video\/television\/tv-television-non-fonctionnel-a-reparer-ou-pour-pieces\/#breadcrumb","itemListElement":[{"@type":"ListItem","position":1,"name":"Home","item":"https:\/\/dev.recyborg.com\/"},{"@type":"ListItem","position":2,"name":"INVENTORY","item":"https:\/\/dev.recyborg.com\/inventory\/?lang=en"},{"@type":"ListItem","position":3,"name":"TV &#8211; t\u00e9l\u00e9vision NON-FONCTIONNEL (\u00e0 r\u00e9parer ou pour pi\u00e8ces)"}]},{"@type":"WebSite","@id":"https:\/\/dev.recyborg.com\/#website","url":"https:\/\/dev.recyborg.com\/","name":"RECYBORG","description":"Ressourcerie et point de recyclage \u00e0 Montr\u00e9al","publisher":{"@id":"https:\/\/dev.recyborg.com\/#organization"},"potentialAction":[{"@type":"SearchAction","target":{"@type":"EntryPoint","urlTemplate":"https:\/\/dev.recyborg.com\/?s={search_term_string}"},"query-input":{"@type":"PropertyValueSpecification","valueRequired":true,"valueName":"search_term_string"}}],"inLanguage":"fr-CA"},{"@type":"Organization","@id":"https:\/\/dev.recyborg.com\/#organization","name":"Coop Recyborg","url":"https:\/\/dev.recyborg.com\/","logo":{"@type":"ImageObject","inLanguage":"fr-CA","@id":"https:\/\/dev.recyborg.com\/#\/schema\/logo\/image\/","url":"https:\/\/recyborg-www.nyc3.digitaloceanspaces.com\/wp-content\/uploads\/2025\/08\/28161503\/Screenshot-from-2025-08-28-16-14-23.png","contentUrl":"https:\/\/recyborg-www.nyc3.digitaloceanspaces.com\/wp-content\/uploads\/2025\/08\/28161503\/Screenshot-from-2025-08-28-16-14-23.png","width":255,"height":41,"caption":"Coop Recyborg"},"image":{"@id":"https:\/\/dev.recyborg.com\/#\/schema\/logo\/image\/"},"sameAs":["https:\/\/www.facebook.com\/people\/Recyborg\/100057282436718\/"]}]}},"_links":{"self":[{"href":"https:\/\/dev.recyborg.com\/fr\/wp-json\/wp\/v2\/product\/123233","targetHints":{"allow":["GET"]}}],"collection":[{"href":"https:\/\/dev.recyborg.com\/fr\/wp-json\/wp\/v2\/product"}],"about":[{"href":"https:\/\/dev.recyborg.com\/fr\/wp-json\/wp\/v2\/types\/product"}],"author":[{"embeddable":true,"href":"https:\/\/dev.recyborg.com\/fr\/wp-json\/wp\/v2\/users\/1"}],"wp:featuredmedia":[{"embeddable":true,"href":"https:\/\/dev.recyborg.com\/fr\/wp-json\/wp\/v2\/media\/123211"}],"wp:attachment":[{"href":"https:\/\/dev.recyborg.com\/fr\/wp-json\/wp\/v2\/media?parent=123233"}],"wp:term":[{"taxonomy":"product_brand","embeddable":true,"href":"https:\/\/dev.recyborg.com\/fr\/wp-json\/wp\/v2\/product_brand?post=123233"},{"taxonomy":"product_cat","embeddable":true,"href":"https:\/\/dev.recyborg.com\/fr\/wp-json\/wp\/v2\/product_cat?post=123233"},{"taxonomy":"product_tag","embeddable":true,"href":"https:\/\/dev.recyborg.com\/fr\/wp-json\/wp\/v2\/product_tag?post=123233"}],"curies":[{"name":"wp","href":"https:\/\/api.w.org\/{rel}","templated":true}]}}