{"id":3646,"date":"2020-12-30T17:47:13","date_gmt":"2020-12-30T22:47:13","guid":{"rendered":"https:\/\/dev.recyborg.com\/?page_id=3646"},"modified":"2024-07-23T12:54:06","modified_gmt":"2024-07-23T16:54:06","slug":"soudage-et-reparation","status":"publish","type":"page","link":"https:\/\/dev.recyborg.com\/fr\/welding-and-repair\/","title":{"rendered":"Atelier de soudage"},"content":{"rendered":"<div class=\"wp-block-columns is-layout-flex wp-container-core-columns-is-layout-28f84493 wp-block-columns-is-layout-flex\">\n<div class=\"wp-block-column is-layout-flow wp-block-column-is-layout-flow\" style=\"flex-basis:100%\"><\/div>\n<\/div>\n\n\n\n<div class=\"wp-block-columns is-layout-flex wp-container-core-columns-is-layout-28f84493 wp-block-columns-is-layout-flex\">\n<div class=\"wp-block-column colonne-gauche is-layout-flow wp-block-column-is-layout-flow\">\n<div class=\"wp-block-jetpack-slideshow aligncenter\" data-effect=\"slide\"><div class=\"wp-block-jetpack-slideshow_container swiper-container\"><ul class=\"wp-block-jetpack-slideshow_swiper-wrapper swiper-wrapper\"><li class=\"wp-block-jetpack-slideshow_slide swiper-slide\"><figure><img decoding=\"async\" alt=\"\" class=\"wp-block-jetpack-slideshow_image wp-image-28120\" data-id=\"28120\" src=\"https:\/\/recyborg-www.nyc3.digitaloceanspaces.com\/wp-content\/uploads\/2021\/12\/11232858\/rocket-2500x1667.jpg\"\/><figcaption class=\"wp-block-jetpack-slideshow_caption gallery-caption\">Petit r\u00e9chaud de camping Rocket en bois<\/figcaption><\/figure><\/li><li class=\"wp-block-jetpack-slideshow_slide swiper-slide\"><figure><img decoding=\"async\" alt=\"\" class=\"wp-block-jetpack-slideshow_image wp-image-28105\" data-id=\"28105\" src=\"https:\/\/recyborg-www.nyc3.digitaloceanspaces.com\/wp-content\/uploads\/2021\/12\/11232901\/IMG_20200624_141529-2500x1875.jpg\"\/><figcaption class=\"wp-block-jetpack-slideshow_caption gallery-caption\">Support de panneau solaire<\/figcaption><\/figure><\/li><li class=\"wp-block-jetpack-slideshow_slide swiper-slide\"><figure><img decoding=\"async\" alt=\"\" class=\"wp-block-jetpack-slideshow_image wp-image-28109\" data-id=\"28109\" src=\"https:\/\/recyborg-www.nyc3.digitaloceanspaces.com\/wp-content\/uploads\/2021\/12\/11232900\/panneausolaire-1875x2500.jpg\"\/><figcaption class=\"wp-block-jetpack-slideshow_caption gallery-caption\">Support de panneau solaire<\/figcaption><\/figure><\/li><li class=\"wp-block-jetpack-slideshow_slide swiper-slide\"><figure><img decoding=\"async\" alt=\"\" class=\"wp-block-jetpack-slideshow_image wp-image-28118\" data-id=\"28118\" src=\"https:\/\/recyborg-www.nyc3.digitaloceanspaces.com\/wp-content\/uploads\/2021\/12\/11232858\/bibelot-1667x2500.jpg\"\/><figcaption class=\"wp-block-jetpack-slideshow_caption gallery-caption\">Petite \u00e9tag\u00e8re industrielle<\/figcaption><\/figure><\/li><li class=\"wp-block-jetpack-slideshow_slide swiper-slide\"><figure><img decoding=\"async\" alt=\"\" class=\"wp-block-jetpack-slideshow_image wp-image-28116\" data-id=\"28116\" src=\"https:\/\/recyborg-www.nyc3.digitaloceanspaces.com\/wp-content\/uploads\/2021\/12\/11232859\/IMG_1784-1152x1728.jpg\"\/><figcaption class=\"wp-block-jetpack-slideshow_caption gallery-caption\">\u00c9tag\u00e8re m\u00e9tallique<\/figcaption><\/figure><\/li><li class=\"wp-block-jetpack-slideshow_slide swiper-slide\"><figure><img decoding=\"async\" alt=\"\" class=\"wp-block-jetpack-slideshow_image wp-image-28114\" data-id=\"28114\" src=\"https:\/\/recyborg-www.nyc3.digitaloceanspaces.com\/wp-content\/uploads\/2021\/12\/11232859\/IMG_20200608_172341-2500x1875.jpg\"\/><figcaption class=\"wp-block-jetpack-slideshow_caption gallery-caption\">Meuble TV<\/figcaption><\/figure><\/li><li class=\"wp-block-jetpack-slideshow_slide swiper-slide\"><figure><img decoding=\"async\" alt=\"\" class=\"wp-block-jetpack-slideshow_image wp-image-28112\" data-id=\"28112\" src=\"https:\/\/recyborg-www.nyc3.digitaloceanspaces.com\/wp-content\/uploads\/2021\/12\/11232859\/IMG_1109-1728x1152.jpg\"\/><figcaption class=\"wp-block-jetpack-slideshow_caption gallery-caption\">Pieds d\u00e9coratifs pour plantes<\/figcaption><\/figure><\/li><li class=\"wp-block-jetpack-slideshow_slide swiper-slide\"><figure><img decoding=\"async\" alt=\"\" class=\"wp-block-jetpack-slideshow_image wp-image-28107\" data-id=\"28107\" src=\"https:\/\/recyborg-www.nyc3.digitaloceanspaces.com\/wp-content\/uploads\/2021\/12\/11232900\/IMG_20200730_182210-1875x2500.jpg\"\/><figcaption class=\"wp-block-jetpack-slideshow_caption gallery-caption\">Support personnalis\u00e9 pour cabinet de planification<\/figcaption><\/figure><\/li><li class=\"wp-block-jetpack-slideshow_slide swiper-slide\"><figure><img decoding=\"async\" alt=\"\" class=\"wp-block-jetpack-slideshow_image wp-image-28101\" data-id=\"28101\" src=\"https:\/\/recyborg-www.nyc3.digitaloceanspaces.com\/wp-content\/uploads\/2021\/12\/11232902\/IMG_3276-1728x1152.jpg\"\/><figcaption class=\"wp-block-jetpack-slideshow_caption gallery-caption\">Accessoire de moto<\/figcaption><\/figure><\/li><li class=\"wp-block-jetpack-slideshow_slide swiper-slide\"><figure><img decoding=\"async\" alt=\"\" class=\"wp-block-jetpack-slideshow_image wp-image-28099\" data-id=\"28099\" src=\"https:\/\/recyborg-www.nyc3.digitaloceanspaces.com\/wp-content\/uploads\/2021\/12\/11232903\/IMG_2947-1152x1728.jpg\"\/><figcaption class=\"wp-block-jetpack-slideshow_caption gallery-caption\">Support de panneau solaire<\/figcaption><\/figure><\/li><li class=\"wp-block-jetpack-slideshow_slide swiper-slide\"><figure><img decoding=\"async\" alt=\"\" class=\"wp-block-jetpack-slideshow_image wp-image-28097\" data-id=\"28097\" src=\"https:\/\/recyborg-www.nyc3.digitaloceanspaces.com\/wp-content\/uploads\/2021\/12\/11232903\/IMG_1158-2500x1667.jpg\"\/><figcaption class=\"wp-block-jetpack-slideshow_caption gallery-caption\">R\u00e9paration de laiton<\/figcaption><\/figure><\/li><li class=\"wp-block-jetpack-slideshow_slide swiper-slide\"><figure><img decoding=\"async\" alt=\"\" class=\"wp-block-jetpack-slideshow_image wp-image-28103\" data-id=\"28103\" src=\"https:\/\/recyborg-www.nyc3.digitaloceanspaces.com\/wp-content\/uploads\/2021\/12\/11232901\/IMG_4164-1728x1152.jpg\"\/><figcaption class=\"wp-block-jetpack-slideshow_caption gallery-caption\">Chariot pour r\u00e9frig\u00e9rateur commercial<\/figcaption><\/figure><\/li><li class=\"wp-block-jetpack-slideshow_slide swiper-slide\"><figure><img decoding=\"async\" alt=\"\" class=\"wp-block-jetpack-slideshow_image wp-image-28090\" data-id=\"28090\" src=\"https:\/\/recyborg-www.nyc3.digitaloceanspaces.com\/wp-content\/uploads\/2021\/12\/11232904\/table-03-1728x1152.jpg\"\/><figcaption class=\"wp-block-jetpack-slideshow_caption gallery-caption\">Meubles en m\u00e9tal recycl\u00e9<\/figcaption><\/figure><\/li><li class=\"wp-block-jetpack-slideshow_slide swiper-slide\"><figure><img decoding=\"async\" alt=\"\" class=\"wp-block-jetpack-slideshow_image wp-image-28087\" data-id=\"28087\" src=\"https:\/\/recyborg-www.nyc3.digitaloceanspaces.com\/wp-content\/uploads\/2021\/12\/11232904\/IMG_9338-1-1667x2500.jpg\"\/><figcaption class=\"wp-block-jetpack-slideshow_caption gallery-caption\">Petit pr\u00e9sentoir de livres en m\u00e9tal<\/figcaption><\/figure><\/li><li class=\"wp-block-jetpack-slideshow_slide swiper-slide\"><figure><img decoding=\"async\" alt=\"\" class=\"wp-block-jetpack-slideshow_image wp-image-28073\" data-id=\"28073\" src=\"https:\/\/recyborg-www.nyc3.digitaloceanspaces.com\/wp-content\/uploads\/2021\/12\/11232904\/IMG_8240-1667x2500.jpg\"\/><figcaption class=\"wp-block-jetpack-slideshow_caption gallery-caption\">\u00c9tag\u00e8re en bois et m\u00e9tal<\/figcaption><\/figure><\/li><li class=\"wp-block-jetpack-slideshow_slide swiper-slide\"><figure><img decoding=\"async\" alt=\"\" class=\"wp-block-jetpack-slideshow_image wp-image-28071\" data-id=\"28071\" src=\"https:\/\/recyborg-www.nyc3.digitaloceanspaces.com\/wp-content\/uploads\/2021\/12\/11232905\/IMG_2900-1728x1152.jpg\"\/><figcaption class=\"wp-block-jetpack-slideshow_caption gallery-caption\">Chevalets m\u00e9talliques<\/figcaption><\/figure><\/li><li class=\"wp-block-jetpack-slideshow_slide swiper-slide\"><figure><img decoding=\"async\" alt=\"\" class=\"wp-block-jetpack-slideshow_image wp-image-28069\" data-id=\"28069\" src=\"https:\/\/recyborg-www.nyc3.digitaloceanspaces.com\/wp-content\/uploads\/2021\/12\/11232905\/IMG_2899-1728x1152.jpg\"\/><figcaption class=\"wp-block-jetpack-slideshow_caption gallery-caption\">Chevalets m\u00e9talliques<\/figcaption><\/figure><\/li><li class=\"wp-block-jetpack-slideshow_slide swiper-slide\"><figure><img decoding=\"async\" alt=\"\" class=\"wp-block-jetpack-slideshow_image wp-image-28067\" data-id=\"28067\" src=\"https:\/\/recyborg-www.nyc3.digitaloceanspaces.com\/wp-content\/uploads\/2021\/12\/11232905\/IMG_1255-1728x1152.jpg\"\/><figcaption class=\"wp-block-jetpack-slideshow_caption gallery-caption\">\u00c9tag\u00e8re de style industriel<\/figcaption><\/figure><\/li><li class=\"wp-block-jetpack-slideshow_slide swiper-slide\"><figure><img decoding=\"async\" alt=\"\" class=\"wp-block-jetpack-slideshow_image wp-image-28065\" data-id=\"28065\" src=\"https:\/\/recyborg-www.nyc3.digitaloceanspaces.com\/wp-content\/uploads\/2021\/12\/11232905\/foyer-exterieur-ge-1210x2500.jpg\"\/><figcaption class=\"wp-block-jetpack-slideshow_caption gallery-caption\">Foyer ext\u00e9rieur<\/figcaption><\/figure><\/li><\/ul><a class=\"wp-block-jetpack-slideshow_button-prev swiper-button-prev swiper-button-white\" role=\"button\"><\/a><a class=\"wp-block-jetpack-slideshow_button-next swiper-button-next swiper-button-white\" role=\"button\"><\/a><a aria-label=\"Pause du diaporama\" class=\"wp-block-jetpack-slideshow_button-pause\" role=\"button\"><\/a><div class=\"wp-block-jetpack-slideshow_pagination swiper-pagination swiper-pagination-white\"><\/div><\/div><\/div>\n<\/div>\n\n\n\n<div class=\"wp-block-column is-layout-flow wp-block-column-is-layout-flow\">\n<h2 class=\"wp-block-heading\">Nous fournissons des services de soudure tels que la conception, la modification, l'assemblage ou la r\u00e9paration de m\u00e9taux dans notre atelier (pas de soudure mobile).<\/h2>\n\n\n\n<p>Processus disponibles :<\/p>\n\n\n\n<ul>\n  <li>SMAW (baguette)<\/li>\n   <li>GMAW (Mig) <\/li>\n   <li>GTAW (Tig) <\/li>\n<\/ul>\n\n\n\n<p>Types de m\u00e9taux que nous pouvons travailler<\/p>\n\n\n\n<ul>\n  <li>Acier<\/li>\n   <li>Aluminium<\/li>\n   <li>Acier inoxydable<\/li>\n   <li>Cuivre<\/li>\n   <li>Laiton<\/li>\n<\/ul>\n\n\n\n<p>Coupage plasma disponible<\/p>\n\n\n\n<p>Recyborg \u00e9tant une entreprise de recyclage, nous avons toujours des mat\u00e9riaux m\u00e9talliques usag\u00e9s disponibles pour votre projet. Nous pouvons \u00e9galement fournir des mat\u00e9riaux neufs. <\/p>\n<\/div>\n<\/div>\n\n\n\n<h2 class=\"wp-block-heading\">Demander un devis ou des informations<\/h2>\n\n\n\n<div class=\"wpcf7 no-js\" id=\"wpcf7-f236810-o1\" lang=\"fr-FR\" dir=\"ltr\" data-wpcf7-id=\"236810\">\n<div class=\"screen-reader-response\"><p role=\"status\" aria-live=\"polite\" aria-atomic=\"true\"><\/p> <ul><\/ul><\/div>\n<form action=\"\/fr\/wp-json\/wp\/v2\/pages\/3646#wpcf7-f236810-o1\" method=\"post\" class=\"wpcf7-form init\" aria-label=\"Formulaire de contact\" enctype=\"multipart\/form-data\" novalidate=\"novalidate\" data-status=\"init\" data-trp-original-action=\"\/fr\/wp-json\/wp\/v2\/pages\/3646#wpcf7-f236810-o1\">\n<fieldset class=\"hidden-fields-container\"><input type=\"hidden\" name=\"_wpcf7\" value=\"236810\" \/><input type=\"hidden\" name=\"_wpcf7_version\" value=\"6.1.5\" \/><input type=\"hidden\" name=\"_wpcf7_locale\" value=\"fr_FR\" \/><input type=\"hidden\" name=\"_wpcf7_unit_tag\" value=\"wpcf7-f236810-o1\" \/><input type=\"hidden\" name=\"_wpcf7_container_post\" value=\"0\" \/><input type=\"hidden\" name=\"_wpcf7_posted_data_hash\" value=\"\" \/>\n<\/fieldset>\n<p><span id=\"wpcf7-69f37218e307a-wrapper\" class=\"wpcf7-form-control-wrap honeypot-410-wrap\" style=\"display:none !important; visibility:hidden !important;\"><label for=\"wpcf7-69f37218e307a-field\" class=\"hp-message\">Veuillez laisser ce champ vide.<\/label><input id=\"wpcf7-69f37218e307a-field\"  class=\"wpcf7-form-control wpcf7-text\" type=\"text\" name=\"honeypot-410\" value=\"\" size=\"40\" tabindex=\"-1\" autocomplete=\"new-password\" \/><\/span>\n<\/p>\n<p><label> Votre nom<br \/>\n<span class=\"wpcf7-form-control-wrap\" data-name=\"your-name\"><input size=\"40\" maxlength=\"400\" class=\"wpcf7-form-control wpcf7-text\" aria-invalid=\"false\" value=\"\" type=\"text\" name=\"your-name\" \/><\/span> <\/label>\n<\/p>\n<p><label> Adresse e-mail<br \/>\n<span class=\"wpcf7-form-control-wrap\" data-name=\"your-email\"><input size=\"40\" maxlength=\"400\" class=\"wpcf7-form-control wpcf7-email wpcf7-validates-as-required wpcf7-text wpcf7-validates-as-email\" aria-required=\"true\" aria-invalid=\"false\" value=\"\" type=\"email\" name=\"your-email\" \/><\/span> <\/label>\n<\/p>\n<p><label> Num\u00e9ro de t\u00e9l\u00e9phone<br \/>\n<span class=\"wpcf7-form-control-wrap\" data-name=\"telephone\"><input size=\"40\" maxlength=\"400\" class=\"wpcf7-form-control wpcf7-text\" aria-invalid=\"false\" value=\"\" type=\"text\" name=\"telephone\" \/><\/span> <\/label>\n<\/p>\n<p><label> Description du projet<br \/>\n<span class=\"wpcf7-form-control-wrap\" data-name=\"your-message\"><textarea cols=\"40\" rows=\"10\" maxlength=\"10000\" class=\"wpcf7-form-control wpcf7-textarea wpcf7-validates-as-required\" aria-required=\"true\" aria-invalid=\"false\" name=\"your-message\"><\/textarea><\/span> <\/label>\n<\/p>\n<p><label> Ajouter un plan ou une image (recommand\u00e9)<br \/>\n<span class=\"wpcf7-form-control-wrap\" data-name=\"file-741\"><input size=\"40\" class=\"wpcf7-form-control wpcf7-file\" accept=\".jpg,.pdf,.png,.jpeg,.doc,.xls,.csv\" aria-invalid=\"false\" type=\"file\" name=\"file-741\" \/><\/span><br \/>\n<\/label>\n<\/p>\n<p><label> Ajouter une autre image<br \/>\n<span class=\"wpcf7-form-control-wrap\" data-name=\"file-742\"><input size=\"40\" class=\"wpcf7-form-control wpcf7-file\" accept=\".jpg,.pdf,.png,.jpeg,.doc,.xls,.csv\" aria-invalid=\"false\" type=\"file\" name=\"file-742\" \/><\/span><br \/>\n<\/label>\n<\/p>\n<p><label> Ajouter une autre image<br \/>\n<span class=\"wpcf7-form-control-wrap\" data-name=\"file-743\"><input size=\"40\" class=\"wpcf7-form-control wpcf7-file\" accept=\".jpg,.pdf,.png,.jpeg,.doc,.xls,.csv\" aria-invalid=\"false\" type=\"file\" name=\"file-743\" \/><\/span><br \/>\n<\/label>\n<\/p>\n<p><input class=\"wpcf7-form-control wpcf7-submit has-spinner\" type=\"submit\" value=\"ENVOYER\" \/>\n<\/p><input type=\"hidden\" id=\"ct_checkjs_cf7_912d2b1c7b2826caf99687388d2e8f7c\" name=\"ct_checkjs_cf7\" value=\"0\" \/><script >setTimeout(function(){var ct_input_name = \"ct_checkjs_cf7_912d2b1c7b2826caf99687388d2e8f7c\";if (document.getElementById(ct_input_name) !== null) {var ct_input_value = document.getElementById(ct_input_name).value;document.getElementById(ct_input_name).value = document.getElementById(ct_input_name).value.replace(ct_input_value, '96c57e6665b56db646e7d144d9a03aefea423483367cf57532a02d614398a10d');}}, 1000);<\/script><input\n                    class=\"apbct_special_field apbct_email_id__wp_contact_form_7\"\n                    name=\"apbct__email_id__wp_contact_form_7\"\n                    aria-label=\"apbct__label_id__wp_contact_form_7\"\n                    type=\"text\" size=\"30\" maxlength=\"200\" autocomplete=\"off\"\n                    value=\"\"\n                \/><div class=\"wpcf7-response-output\" aria-hidden=\"true\"><\/div>\n<input type=\"hidden\" name=\"trp-form-language\" value=\"fr\"\/><\/form>\n<\/div>","protected":false},"excerpt":{"rendered":"<p>We provide welding services such as conception, modification, assembly or metal repair in our shop (no mobile welding) Available processes : SMAW (rod) GMAW (Mig) GTAW (Tig) Types of metal we can work with Steel Aluminum Stainless steel Copper Brass Plasma cutting available Recyborg being a recycling business, we always have used metal material available [&hellip;]<\/p>\n","protected":false},"author":1,"featured_media":0,"parent":0,"menu_order":0,"comment_status":"closed","ping_status":"closed","template":"","meta":{"_acf_changed":false,"iawp_total_views":391,"footnotes":""},"class_list":["post-3646","page","type-page","status-publish","hentry"],"acf":[],"yoast_head":"<!-- This site is optimized with the Yoast SEO plugin v27.5 - https:\/\/yoast.com\/product\/yoast-seo-wordpress\/ -->\n<title>Welding workshop - RECYBORG<\/title>\n<meta name=\"robots\" content=\"noindex, follow, max-snippet:-1, max-image-preview:large, max-video-preview:-1\" \/>\n<meta property=\"og:locale\" content=\"fr_CA\" \/>\n<meta property=\"og:type\" content=\"article\" \/>\n<meta property=\"og:title\" content=\"Welding workshop - RECYBORG\" \/>\n<meta property=\"og:description\" content=\"We provide welding services such as conception, modification, assembly or metal repair in our shop (no mobile welding) Available processes : SMAW (rod) GMAW (Mig) GTAW (Tig) Types of metal we can work with Steel Aluminum Stainless steel Copper Brass Plasma cutting available Recyborg being a recycling business, we always have used metal material available [&hellip;]\" \/>\n<meta property=\"og:url\" content=\"https:\/\/dev.recyborg.com\/fr\/soudage-et-reparation\/?lang=en\" \/>\n<meta property=\"og:site_name\" content=\"RECYBORG\" \/>\n<meta property=\"article:publisher\" content=\"https:\/\/www.facebook.com\/people\/Recyborg\/100057282436718\/\" \/>\n<meta property=\"article:modified_time\" content=\"2024-07-23T16:54:06+00:00\" \/>\n<meta property=\"og:image\" content=\"https:\/\/dev.recyborg.com\/wp-content\/uploads\/2021\/12\/rocket-2500x1667.jpg\" \/>\n<meta name=\"twitter:card\" content=\"summary_large_image\" \/>\n<script type=\"application\/ld+json\" class=\"yoast-schema-graph\">{\"@context\":\"https:\\\/\\\/schema.org\",\"@graph\":[{\"@type\":\"WebPage\",\"@id\":\"https:\\\/\\\/dev.recyborg.com\\\/welding-and-repair\\\/?lang=en\",\"url\":\"https:\\\/\\\/dev.recyborg.com\\\/welding-and-repair\\\/?lang=en\",\"name\":\"Welding workshop - RECYBORG\",\"isPartOf\":{\"@id\":\"https:\\\/\\\/dev.recyborg.com\\\/#website\"},\"primaryImageOfPage\":{\"@id\":\"https:\\\/\\\/dev.recyborg.com\\\/welding-and-repair\\\/?lang=en#primaryimage\"},\"image\":{\"@id\":\"https:\\\/\\\/dev.recyborg.com\\\/welding-and-repair\\\/?lang=en#primaryimage\"},\"thumbnailUrl\":\"https:\\\/\\\/dev.recyborg.com\\\/wp-content\\\/uploads\\\/2021\\\/12\\\/rocket-2500x1667.jpg\",\"datePublished\":\"2020-12-30T22:47:13+00:00\",\"dateModified\":\"2024-07-23T16:54:06+00:00\",\"breadcrumb\":{\"@id\":\"https:\\\/\\\/dev.recyborg.com\\\/welding-and-repair\\\/?lang=en#breadcrumb\"},\"inLanguage\":\"fr-CA\",\"potentialAction\":[{\"@type\":\"ReadAction\",\"target\":[\"https:\\\/\\\/dev.recyborg.com\\\/welding-and-repair\\\/?lang=en\"]}]},{\"@type\":\"ImageObject\",\"inLanguage\":\"fr-CA\",\"@id\":\"https:\\\/\\\/dev.recyborg.com\\\/welding-and-repair\\\/?lang=en#primaryimage\",\"url\":\"https:\\\/\\\/dev.recyborg.com\\\/wp-content\\\/uploads\\\/2021\\\/12\\\/rocket-2500x1667.jpg\",\"contentUrl\":\"https:\\\/\\\/dev.recyborg.com\\\/wp-content\\\/uploads\\\/2021\\\/12\\\/rocket-2500x1667.jpg\"},{\"@type\":\"BreadcrumbList\",\"@id\":\"https:\\\/\\\/dev.recyborg.com\\\/welding-and-repair\\\/?lang=en#breadcrumb\",\"itemListElement\":[{\"@type\":\"ListItem\",\"position\":1,\"name\":\"Home\",\"item\":\"https:\\\/\\\/dev.recyborg.com\\\/\"},{\"@type\":\"ListItem\",\"position\":2,\"name\":\"Welding workshop\"}]},{\"@type\":\"WebSite\",\"@id\":\"https:\\\/\\\/dev.recyborg.com\\\/#website\",\"url\":\"https:\\\/\\\/dev.recyborg.com\\\/\",\"name\":\"RECYBORG\",\"description\":\"Ressourcerie et point de recyclage \u00e0 Montr\u00e9al\",\"publisher\":{\"@id\":\"https:\\\/\\\/dev.recyborg.com\\\/#organization\"},\"potentialAction\":[{\"@type\":\"SearchAction\",\"target\":{\"@type\":\"EntryPoint\",\"urlTemplate\":\"https:\\\/\\\/dev.recyborg.com\\\/?s={search_term_string}\"},\"query-input\":{\"@type\":\"PropertyValueSpecification\",\"valueRequired\":true,\"valueName\":\"search_term_string\"}}],\"inLanguage\":\"fr-CA\"},{\"@type\":\"Organization\",\"@id\":\"https:\\\/\\\/dev.recyborg.com\\\/#organization\",\"name\":\"Coop Recyborg\",\"url\":\"https:\\\/\\\/dev.recyborg.com\\\/\",\"logo\":{\"@type\":\"ImageObject\",\"inLanguage\":\"fr-CA\",\"@id\":\"https:\\\/\\\/dev.recyborg.com\\\/#\\\/schema\\\/logo\\\/image\\\/\",\"url\":\"https:\\\/\\\/recyborg-www.nyc3.digitaloceanspaces.com\\\/wp-content\\\/uploads\\\/2025\\\/08\\\/28161503\\\/Screenshot-from-2025-08-28-16-14-23.png\",\"contentUrl\":\"https:\\\/\\\/recyborg-www.nyc3.digitaloceanspaces.com\\\/wp-content\\\/uploads\\\/2025\\\/08\\\/28161503\\\/Screenshot-from-2025-08-28-16-14-23.png\",\"width\":255,\"height\":41,\"caption\":\"Coop Recyborg\"},\"image\":{\"@id\":\"https:\\\/\\\/dev.recyborg.com\\\/#\\\/schema\\\/logo\\\/image\\\/\"},\"sameAs\":[\"https:\\\/\\\/www.facebook.com\\\/people\\\/Recyborg\\\/100057282436718\\\/\"]}]}<\/script>\n<!-- \/ Yoast SEO plugin. -->","yoast_head_json":{"title":"Atelier de soudure - RECYBORG","robots":{"index":"noindex","follow":"follow","max-snippet":"max-snippet:-1","max-image-preview":"max-image-preview:large","max-video-preview":"max-video-preview:-1"},"og_locale":"fr_CA","og_type":"article","og_title":"Welding workshop - RECYBORG","og_description":"We provide welding services such as conception, modification, assembly or metal repair in our shop (no mobile welding) Available processes : SMAW (rod) GMAW (Mig) GTAW (Tig) Types of metal we can work with Steel Aluminum Stainless steel Copper Brass Plasma cutting available Recyborg being a recycling business, we always have used metal material available [&hellip;]","og_url":"https:\/\/dev.recyborg.com\/fr\/soudage-et-reparation\/?lang=en","og_site_name":"RECYBORG","article_publisher":"https:\/\/www.facebook.com\/people\/Recyborg\/100057282436718\/","article_modified_time":"2024-07-23T16:54:06+00:00","og_image":[{"url":"https:\/\/dev.recyborg.com\/wp-content\/uploads\/2021\/12\/rocket-2500x1667.jpg","type":"","width":"","height":""}],"twitter_card":"summary_large_image","schema":{"@context":"https:\/\/schema.org","@graph":[{"@type":"WebPage","@id":"https:\/\/dev.recyborg.com\/welding-and-repair\/?lang=en","url":"https:\/\/dev.recyborg.com\/welding-and-repair\/?lang=en","name":"Atelier de soudure - RECYBORG","isPartOf":{"@id":"https:\/\/dev.recyborg.com\/#website"},"primaryImageOfPage":{"@id":"https:\/\/dev.recyborg.com\/welding-and-repair\/?lang=en#primaryimage"},"image":{"@id":"https:\/\/dev.recyborg.com\/welding-and-repair\/?lang=en#primaryimage"},"thumbnailUrl":"https:\/\/dev.recyborg.com\/wp-content\/uploads\/2021\/12\/rocket-2500x1667.jpg","datePublished":"2020-12-30T22:47:13+00:00","dateModified":"2024-07-23T16:54:06+00:00","breadcrumb":{"@id":"https:\/\/dev.recyborg.com\/welding-and-repair\/?lang=en#breadcrumb"},"inLanguage":"fr-CA","potentialAction":[{"@type":"ReadAction","target":["https:\/\/dev.recyborg.com\/welding-and-repair\/?lang=en"]}]},{"@type":"ImageObject","inLanguage":"fr-CA","@id":"https:\/\/dev.recyborg.com\/welding-and-repair\/?lang=en#primaryimage","url":"https:\/\/dev.recyborg.com\/wp-content\/uploads\/2021\/12\/rocket-2500x1667.jpg","contentUrl":"https:\/\/dev.recyborg.com\/wp-content\/uploads\/2021\/12\/rocket-2500x1667.jpg"},{"@type":"BreadcrumbList","@id":"https:\/\/dev.recyborg.com\/welding-and-repair\/?lang=en#breadcrumb","itemListElement":[{"@type":"ListItem","position":1,"name":"Home","item":"https:\/\/dev.recyborg.com\/"},{"@type":"ListItem","position":2,"name":"Welding workshop"}]},{"@type":"WebSite","@id":"https:\/\/dev.recyborg.com\/#website","url":"https:\/\/dev.recyborg.com\/","name":"RECYBORG","description":"Ressourcerie et point de recyclage \u00e0 Montr\u00e9al","publisher":{"@id":"https:\/\/dev.recyborg.com\/#organization"},"potentialAction":[{"@type":"SearchAction","target":{"@type":"EntryPoint","urlTemplate":"https:\/\/dev.recyborg.com\/?s={search_term_string}"},"query-input":{"@type":"PropertyValueSpecification","valueRequired":true,"valueName":"search_term_string"}}],"inLanguage":"fr-CA"},{"@type":"Organization","@id":"https:\/\/dev.recyborg.com\/#organization","name":"Coop Recyborg","url":"https:\/\/dev.recyborg.com\/","logo":{"@type":"ImageObject","inLanguage":"fr-CA","@id":"https:\/\/dev.recyborg.com\/#\/schema\/logo\/image\/","url":"https:\/\/recyborg-www.nyc3.digitaloceanspaces.com\/wp-content\/uploads\/2025\/08\/28161503\/Screenshot-from-2025-08-28-16-14-23.png","contentUrl":"https:\/\/recyborg-www.nyc3.digitaloceanspaces.com\/wp-content\/uploads\/2025\/08\/28161503\/Screenshot-from-2025-08-28-16-14-23.png","width":255,"height":41,"caption":"Coop Recyborg"},"image":{"@id":"https:\/\/dev.recyborg.com\/#\/schema\/logo\/image\/"},"sameAs":["https:\/\/www.facebook.com\/people\/Recyborg\/100057282436718\/"]}]}},"_links":{"self":[{"href":"https:\/\/dev.recyborg.com\/fr\/wp-json\/wp\/v2\/pages\/3646","targetHints":{"allow":["GET"]}}],"collection":[{"href":"https:\/\/dev.recyborg.com\/fr\/wp-json\/wp\/v2\/pages"}],"about":[{"href":"https:\/\/dev.recyborg.com\/fr\/wp-json\/wp\/v2\/types\/page"}],"author":[{"embeddable":true,"href":"https:\/\/dev.recyborg.com\/fr\/wp-json\/wp\/v2\/users\/1"}],"replies":[{"embeddable":true,"href":"https:\/\/dev.recyborg.com\/fr\/wp-json\/wp\/v2\/comments?post=3646"}],"version-history":[{"count":0,"href":"https:\/\/dev.recyborg.com\/fr\/wp-json\/wp\/v2\/pages\/3646\/revisions"}],"wp:attachment":[{"href":"https:\/\/dev.recyborg.com\/fr\/wp-json\/wp\/v2\/media?parent=3646"}],"curies":[{"name":"wp","href":"https:\/\/api.w.org\/{rel}","templated":true}]}}