{"id":26,"date":"2020-12-29T12:29:05","date_gmt":"2020-12-29T17:29:05","guid":{"rendered":"https:\/\/dev.recyborg.com\/?page_id=26"},"modified":"2026-02-05T18:23:41","modified_gmt":"2026-02-05T23:23:41","slug":"horaires-douverture-et-emplacement","status":"publish","type":"page","link":"https:\/\/dev.recyborg.com\/fr\/opening-hours-and-location\/","title":{"rendered":"Horaires d'ouverture et lieux"},"content":{"rendered":"<p>Veuillez noter que nous avons 2 emplacements !<\/p>\n\n\n\n<div class=\"wp-block-columns is-layout-flex wp-container-core-columns-is-layout-28f84493 wp-block-columns-is-layout-flex\">\n<div class=\"wp-block-column is-layout-flow wp-block-column-is-layout-flow\">\n<p><strong>HOCHELAGA<\/strong> endroit<br>3811 Sainte-Catherine Est, Montr\u00e9al, Canada H1W2G3<br><span \n                data-original-string='saAAaqVeKgoLo+0hC9Cppw==334IEsYUIcRuXtsFlxswWVz9ZmoB5MLg2yfJkm15qUIs5o='\n                class='apbct-email-encoder'\n                title='This contact has been encoded by Anti-Spam by CleanTalk. Click to decode. To finish the decoding make sure that JavaScript is enabled in your browser.'>dans<span class=\"apbct-blur\">**<\/span>@<span class=\"apbct-blur\">******<\/span>rg.com<\/span><br>438-506-2240<\/p>\n\n\n\n<p>Lundi 10h-18h<br>Mardi 10h-18h<br>Mercredi 10h-18h<br>Jeudi 10h-18h<br>Vendredi 10h-18h<br>Samedi 12h-17h<br>Dimanche FERM\u00c9<\/p>\n<\/div>\n\n\n\n<div class=\"wp-block-column is-layout-flow wp-block-column-is-layout-flow\">\n<iframe src=\"https:\/\/www.google.com\/maps\/embed?pb=!1m18!1m12!1m3!1d2794.239433173651!2d-73.5396222841887!3d45.545508779101816!2m3!1f0!2f0!3f0!3m2!1i1024!2i768!4f13.1!3m3!1m2!1s0x4cc91b4cc22caae7%3A0x779d52eee83b0af4!2sRecyclage%20Recyborg!5e0!3m2!1sen!2sca!4v1611266290281!5m2!1sen!2sca\" style=\"border:0;\" allowfullscreen=\"\" aria-hidden=\"false\" tabindex=\"0\" width=\"600\" height=\"450\" frameborder=\"0\"><\/iframe>\n<\/div>\n<\/div>\n\n\n\n<hr class=\"wp-block-separator has-alpha-channel-opacity\"\/>\n\n\n\n<div class=\"wp-block-columns is-layout-flex wp-container-core-columns-is-layout-28f84493 wp-block-columns-is-layout-flex\">\n<div class=\"wp-block-column is-layout-flow wp-block-column-is-layout-flow\">\n<p><strong>POINTE-SAINT-CHARLES<\/strong> endroit<br>B\u00e2timent 7<br>1900 rue Leber, Montr\u00e9al, H3K 2A4<br>514-370-5945<\/p>\n\n\n\n<p>Nous n'avons pas de parking sur place. Si vous venez faire des courses, vous devrez vous garer dans la rue.<\/p>\n\n\n\n<p>Si vous venez simplement pour d\u00e9poser des articles ou r\u00e9cup\u00e9rer une commande en v\u00e9hicule, vous devrez passer par le poste de garde situ\u00e9 au 1830 rue Le Ber, et indiquer au gardien que vous allez r\u00e9cup\u00e9rer une commande chez Recyborg.<\/p>\n\n\n\n<p>Les entr\u00e9es sont accessibles \u00e0 pied, \u00e0 v\u00e9lo, en fauteuil roulant ou en scooter<\/p>\n\n\n\n<p>Lundi FERM\u00c9<br>Mardi 10h-18h<br>Mercredi 10h-18h<br>Jeudi 10h-18h<br>Vendredi 10h-18h<br>Samedi 12h-17h<br>Dimanche FERM\u00c9<\/p>\n<\/div>\n\n\n\n<div class=\"wp-block-column is-layout-flow wp-block-column-is-layout-flow\">\n<iframe src=\"https:\/\/www.google.com\/maps\/embed?pb=!1m18!1m12!1m3!1d2797.4431498899908!2d-73.5522816!3d45.481020199999996!2m3!1f0!2f0!3f0!3m2!1i1024!2i768!4f13.1!3m3!1m2!1s0x4cc91a84cfb2afa7%3A0x59bbc8b6d02557f3!2s1900%20Rue%20le%20Ber%2C%20Montr%C3%A9al%2C%20QC%20H3K%202A4!5e0!3m2!1sfr!2sca!4v1659547251236!5m2!1sfr!2sca\" style=\"border:0;\" allowfullscreen=\"\" loading=\"lazy\" referrerpolicy=\"no-referrer-when-downgrade\" width=\"600\" height=\"450\"><\/iframe>\n\n\n\n<figure class=\"wp-block-image size-full\"><a href=\"https:\/\/recyborg-www.nyc3.digitaloceanspaces.com\/wp-content\/uploads\/2024\/08\/29133752\/Sans-titre-1940x1117.jpg\"><img fetchpriority=\"high\" decoding=\"async\" width=\"1940\" height=\"1117\" src=\"https:\/\/recyborg-www.nyc3.digitaloceanspaces.com\/wp-content\/uploads\/2024\/08\/29133752\/Sans-titre-1940x1117.jpg\" alt=\"\" class=\"wp-image-139900\" srcset=\"https:\/\/recyborg-www.nyc3.digitaloceanspaces.com\/wp-content\/uploads\/2024\/08\/29133752\/Sans-titre-1940x1117.jpg 1940w, https:\/\/recyborg-www.nyc3.digitaloceanspaces.com\/wp-content\/uploads\/2024\/08\/29133752\/Sans-titre-1940x1117-416x240.jpg 416w\" sizes=\"(max-width: 1940px) 100vw, 1940px\" \/><\/a><\/figure>\n<\/div>\n<\/div>\n\n\n\n<div style=\"height:100px\" aria-hidden=\"true\" class=\"wp-block-spacer\"><\/div>\n\n\n\n<h1 class=\"wp-block-heading\">Contactez-nous<\/h1>\n\n\n\n<p>\u00c9crivez-nous en utilisant ce formulaire ou directement \u00e0 <a href=\"mailto:in**@******rg.com\" data-original-string=\"ebrwMrIkBC+vi3Dy\/+ujtA==334SpAPDamW25x0\/SZfWLLblINOOlzSNJM3d4RJtR4LaBo=\" title=\"This contact has been encoded by Anti-Spam by CleanTalk. Click to decode. To finish the decoding make sure that JavaScript is enabled in your browser.\"><span \n                data-original-string='\/Qf6XPAEQWgKfh6eOCUu5w==334xBJUlNXNager9Ua0UatqQslmLvYUIF8sFveMrVl6WIk='\n                class='apbct-email-encoder'\n                title='This contact has been encoded by Anti-Spam by CleanTalk. Click to decode. To finish the decoding make sure that JavaScript is enabled in your browser.'>dans<span class=\"apbct-blur\">**<\/span>@<span class=\"apbct-blur\">******<\/span>rg.com<\/span><\/a> et nous reviendrons vers vous d\u00e8s que possible.<\/p>\n\n\n\n<div class=\"wpcf7 no-js\" id=\"wpcf7-f229977-o1\" lang=\"fr-FR\" dir=\"ltr\" data-wpcf7-id=\"229977\">\n<div class=\"screen-reader-response\"><p role=\"status\" aria-live=\"polite\" aria-atomic=\"true\"><\/p> <ul><\/ul><\/div>\n<form action=\"\/fr\/wp-json\/wp\/v2\/pages\/26#wpcf7-f229977-o1\" method=\"post\" class=\"wpcf7-form init\" aria-label=\"Formulaire de contact\" enctype=\"multipart\/form-data\" novalidate=\"novalidate\" data-status=\"init\" data-trp-original-action=\"\/fr\/wp-json\/wp\/v2\/pages\/26#wpcf7-f229977-o1\">\n<fieldset class=\"hidden-fields-container\"><input type=\"hidden\" name=\"_wpcf7\" value=\"229977\" \/><input type=\"hidden\" name=\"_wpcf7_version\" value=\"6.1.5\" \/><input type=\"hidden\" name=\"_wpcf7_locale\" value=\"fr_FR\" \/><input type=\"hidden\" name=\"_wpcf7_unit_tag\" value=\"wpcf7-f229977-o1\" \/><input type=\"hidden\" name=\"_wpcf7_container_post\" value=\"0\" \/><input type=\"hidden\" name=\"_wpcf7_posted_data_hash\" value=\"\" \/>\n<\/fieldset>\n<p><span id=\"wpcf7-69f5a6e8e00ba-wrapper\" class=\"wpcf7-form-control-wrap honeypot-781-wrap\" style=\"display:none !important; visibility:hidden !important;\"><label for=\"wpcf7-69f5a6e8e00ba-field\" class=\"hp-message\">Veuillez laisser ce champ vide.<\/label><input id=\"wpcf7-69f5a6e8e00ba-field\"  class=\"wpcf7-form-control wpcf7-text\" type=\"text\" name=\"honeypot-781\" value=\"\" size=\"40\" tabindex=\"-1\" autocomplete=\"new-password\" \/><\/span>\n<\/p>\n<p><label> Votre nom<br \/>\n<span class=\"wpcf7-form-control-wrap\" data-name=\"your-name\"><input size=\"40\" maxlength=\"400\" class=\"wpcf7-form-control wpcf7-text\" aria-invalid=\"false\" value=\"\" type=\"text\" name=\"your-name\" \/><\/span> <\/label>\n<\/p>\n<p><label> Adresse e-mail<br \/>\n<span class=\"wpcf7-form-control-wrap\" data-name=\"your-email\"><input size=\"40\" maxlength=\"400\" class=\"wpcf7-form-control wpcf7-email wpcf7-validates-as-required wpcf7-text wpcf7-validates-as-email\" aria-required=\"true\" aria-invalid=\"false\" value=\"\" type=\"email\" name=\"your-email\" \/><\/span> <\/label>\n<\/p>\n<p><label> Num\u00e9ro de t\u00e9l\u00e9phone<br \/>\n<span class=\"wpcf7-form-control-wrap\" data-name=\"telephone\"><input size=\"40\" maxlength=\"400\" class=\"wpcf7-form-control wpcf7-text\" aria-invalid=\"false\" value=\"\" type=\"text\" name=\"telephone\" \/><\/span> <\/label>\n<\/p>\n<p><label> Message<br \/>\n<span class=\"wpcf7-form-control-wrap\" data-name=\"your-message\"><textarea cols=\"40\" rows=\"10\" maxlength=\"5000\" class=\"wpcf7-form-control wpcf7-textarea wpcf7-validates-as-required\" aria-required=\"true\" aria-invalid=\"false\" name=\"your-message\"><\/textarea><\/span> <\/label>\n<\/p>\n<p><label> Ajouter un fichier (facultatif : image, CV, etc.)<br \/>\n<span class=\"wpcf7-form-control-wrap\" data-name=\"file-741\"><input size=\"40\" class=\"wpcf7-form-control wpcf7-file\" accept=\".jpg,.pdf,.png,.jpeg,.doc,.xls,.csv\" aria-invalid=\"false\" type=\"file\" name=\"file-741\" \/><\/span><br \/>\n<\/label>\n<\/p>\n<p><label> Ajouter un fichier<br \/>\n<span class=\"wpcf7-form-control-wrap\" data-name=\"file-742\"><input size=\"40\" class=\"wpcf7-form-control wpcf7-file\" accept=\".jpg,.pdf,.png,.jpeg,.doc,.xls,.csv\" aria-invalid=\"false\" type=\"file\" name=\"file-742\" \/><\/span><br \/>\n<\/label>\n<\/p>\n<p><label> Ajouter un fichier<br \/>\n<span class=\"wpcf7-form-control-wrap\" data-name=\"file-743\"><input size=\"40\" class=\"wpcf7-form-control wpcf7-file\" accept=\".jpg,.pdf,.png,.jpeg,.doc,.xls,.csv\" aria-invalid=\"false\" type=\"file\" name=\"file-743\" \/><\/span><br \/>\n<\/label>\n<\/p>\n<p><input class=\"wpcf7-form-control wpcf7-submit has-spinner\" type=\"submit\" value=\"ENVOYER\" \/>\n<\/p><input type=\"hidden\" id=\"ct_checkjs_cf7_f8c1f23d6a8d8d7904fc0ea8e066b3bb\" name=\"ct_checkjs_cf7\" value=\"0\" \/><script >setTimeout(function(){var ct_input_name = \"ct_checkjs_cf7_f8c1f23d6a8d8d7904fc0ea8e066b3bb\";if (document.getElementById(ct_input_name) !== null) {var ct_input_value = document.getElementById(ct_input_name).value;document.getElementById(ct_input_name).value = document.getElementById(ct_input_name).value.replace(ct_input_value, '96c57e6665b56db646e7d144d9a03aefea423483367cf57532a02d614398a10d');}}, 1000);<\/script><input\n                    class=\"apbct_special_field apbct_email_id__wp_contact_form_7\"\n                    name=\"apbct__email_id__wp_contact_form_7\"\n                    aria-label=\"apbct__label_id__wp_contact_form_7\"\n                    type=\"text\" size=\"30\" maxlength=\"200\" autocomplete=\"off\"\n                    value=\"\"\n                \/><div class=\"wpcf7-response-output\" aria-hidden=\"true\"><\/div>\n<input type=\"hidden\" name=\"trp-form-language\" value=\"fr\"\/><\/form>\n<\/div>\n\n\n\n\n<div style=\"height:100px\" aria-hidden=\"true\" class=\"wp-block-spacer\"><\/div>\n\n\n\n<h1 class=\"wp-block-heading\">R\u00e9seaux sociaux <\/h1>\n\n\n\n<div class=\"wp-block-buttons is-content-justification-left is-layout-flex wp-container-core-buttons-is-layout-fc4fd283 wp-block-buttons-is-layout-flex\">\n<div class=\"wp-block-button has-custom-width wp-block-button__width-25 is-style-fill\"><a class=\"wp-block-button__link has-white-color has-text-color has-background wp-element-button\" href=\"https:\/\/jasette.facil.services\/@recyborg\" style=\"border-radius:20px;background-color:#353535\" target=\"_blank\" rel=\"noreferrer noopener\">Mastodon<\/a><\/div>\n\n\n\n<div class=\"wp-block-button has-custom-width wp-block-button__width-25\"><a class=\"wp-block-button__link has-white-color has-text-color has-background wp-element-button\" href=\"https:\/\/m.facebook.com\/people\/Recyborg\/100057282436718\/\" style=\"border-radius:20px;background-color:#353535\" target=\"_blank\" rel=\"noreferrer noopener\">Facebook<\/a><\/div>\n\n\n\n<div class=\"wp-block-button has-custom-width wp-block-button__width-25\"><a class=\"wp-block-button__link has-white-color has-text-color has-background wp-element-button\" href=\"https:\/\/www.instagram.com\/recy_borg\/?hl=fr-ca\" style=\"border-radius:20px;background-color:#353535\" target=\"_blank\" rel=\"noreferrer noopener\">Instagram<\/a><\/div>\n\n\n\n<div class=\"wp-block-button has-custom-width wp-block-button__width-25\"><a class=\"wp-block-button__link has-white-color has-text-color has-background wp-element-button\" href=\"https:\/\/bsky.app\/profile\/recyborg.bsky.social\" style=\"border-radius:20px;background-color:#353535\" target=\"_blank\" rel=\"noreferrer noopener\">Bluesky<\/a><\/div>\n<\/div>\n\n\n\n<p><\/p>","protected":false},"excerpt":{"rendered":"<p>Please note that we have 2 locations ! HOCHELAGA location3811 sainte-catherine est, Montr\u00e9al, Canada H1W2G3in**@******rg.com438-506-2240 Monday 10h-18hTuesday 10h-18hWednesday 10h-18hThursday 10h-18hFriday 10h-18hSaturday 12h-17hSunday CLOSED POINTE-SAINT-CHARLES locationB\u00e2timent 71900c rue le Ber, Montreal, H3K 2A4514-370-5945 We do not have parking on site. If you come to shop, you have to park on the street. If you are simply [&hellip;]<\/p>\n","protected":false},"author":1,"featured_media":0,"parent":0,"menu_order":0,"comment_status":"closed","ping_status":"closed","template":"","meta":{"_acf_changed":false,"iawp_total_views":1676,"footnotes":""},"class_list":["post-26","page","type-page","status-publish","hentry"],"acf":[],"yoast_head":"<!-- This site is optimized with the Yoast SEO plugin v27.5 - https:\/\/yoast.com\/product\/yoast-seo-wordpress\/ -->\n<title>Opening hours and Locations - RECYBORG<\/title>\n<meta name=\"robots\" content=\"noindex, follow, max-snippet:-1, max-image-preview:large, max-video-preview:-1\" \/>\n<meta property=\"og:locale\" content=\"fr_CA\" \/>\n<meta property=\"og:type\" content=\"article\" \/>\n<meta property=\"og:title\" content=\"Opening hours and Locations - RECYBORG\" \/>\n<meta property=\"og:description\" content=\"Please note that we have 2 locations ! HOCHELAGA location3811 sainte-catherine est, Montr\u00e9al, Canada H1W2G3in**@******rg.com438-506-2240 Monday 10h-18hTuesday 10h-18hWednesday 10h-18hThursday 10h-18hFriday 10h-18hSaturday 12h-17hSunday CLOSED POINTE-SAINT-CHARLES locationB\u00e2timent 71900c rue le Ber, Montreal, H3K 2A4514-370-5945 We do not have parking on site. If you come to shop, you have to park on the street. If you are simply [&hellip;]\" \/>\n<meta property=\"og:url\" content=\"https:\/\/dev.recyborg.com\/fr\/horaires-douverture-et-emplacement\/?lang=en\" \/>\n<meta property=\"og:site_name\" content=\"RECYBORG\" \/>\n<meta property=\"article:publisher\" content=\"https:\/\/www.facebook.com\/people\/Recyborg\/100057282436718\/\" \/>\n<meta property=\"article:modified_time\" content=\"2026-02-05T23:23:41+00:00\" \/>\n<meta property=\"og:image\" content=\"https:\/\/dev.recyborg.com\/wp-content\/uploads\/2024\/08\/Sans-titre-1940x1117.jpg\" \/>\n<meta name=\"twitter:card\" content=\"summary_large_image\" \/>\n<script type=\"application\/ld+json\" class=\"yoast-schema-graph\">{\"@context\":\"https:\\\/\\\/schema.org\",\"@graph\":[{\"@type\":\"WebPage\",\"@id\":\"https:\\\/\\\/dev.recyborg.com\\\/opening-hours-and-location\\\/?lang=en\",\"url\":\"https:\\\/\\\/dev.recyborg.com\\\/opening-hours-and-location\\\/?lang=en\",\"name\":\"Opening hours and Locations - RECYBORG\",\"isPartOf\":{\"@id\":\"https:\\\/\\\/dev.recyborg.com\\\/#website\"},\"primaryImageOfPage\":{\"@id\":\"https:\\\/\\\/dev.recyborg.com\\\/opening-hours-and-location\\\/?lang=en#primaryimage\"},\"image\":{\"@id\":\"https:\\\/\\\/dev.recyborg.com\\\/opening-hours-and-location\\\/?lang=en#primaryimage\"},\"thumbnailUrl\":\"https:\\\/\\\/dev.recyborg.com\\\/wp-content\\\/uploads\\\/2024\\\/08\\\/Sans-titre-1940x1117.jpg\",\"datePublished\":\"2020-12-29T17:29:05+00:00\",\"dateModified\":\"2026-02-05T23:23:41+00:00\",\"breadcrumb\":{\"@id\":\"https:\\\/\\\/dev.recyborg.com\\\/opening-hours-and-location\\\/?lang=en#breadcrumb\"},\"inLanguage\":\"fr-CA\",\"potentialAction\":[{\"@type\":\"ReadAction\",\"target\":[\"https:\\\/\\\/dev.recyborg.com\\\/opening-hours-and-location\\\/?lang=en\"]}]},{\"@type\":\"ImageObject\",\"inLanguage\":\"fr-CA\",\"@id\":\"https:\\\/\\\/dev.recyborg.com\\\/opening-hours-and-location\\\/?lang=en#primaryimage\",\"url\":\"https:\\\/\\\/dev.recyborg.com\\\/wp-content\\\/uploads\\\/2024\\\/08\\\/Sans-titre-1940x1117.jpg\",\"contentUrl\":\"https:\\\/\\\/dev.recyborg.com\\\/wp-content\\\/uploads\\\/2024\\\/08\\\/Sans-titre-1940x1117.jpg\"},{\"@type\":\"BreadcrumbList\",\"@id\":\"https:\\\/\\\/dev.recyborg.com\\\/opening-hours-and-location\\\/?lang=en#breadcrumb\",\"itemListElement\":[{\"@type\":\"ListItem\",\"position\":1,\"name\":\"Home\",\"item\":\"https:\\\/\\\/dev.recyborg.com\\\/\"},{\"@type\":\"ListItem\",\"position\":2,\"name\":\"Opening hours and Locations\"}]},{\"@type\":\"WebSite\",\"@id\":\"https:\\\/\\\/dev.recyborg.com\\\/#website\",\"url\":\"https:\\\/\\\/dev.recyborg.com\\\/\",\"name\":\"RECYBORG\",\"description\":\"Ressourcerie et point de recyclage \u00e0 Montr\u00e9al\",\"publisher\":{\"@id\":\"https:\\\/\\\/dev.recyborg.com\\\/#organization\"},\"potentialAction\":[{\"@type\":\"SearchAction\",\"target\":{\"@type\":\"EntryPoint\",\"urlTemplate\":\"https:\\\/\\\/dev.recyborg.com\\\/?s={search_term_string}\"},\"query-input\":{\"@type\":\"PropertyValueSpecification\",\"valueRequired\":true,\"valueName\":\"search_term_string\"}}],\"inLanguage\":\"fr-CA\"},{\"@type\":\"Organization\",\"@id\":\"https:\\\/\\\/dev.recyborg.com\\\/#organization\",\"name\":\"Coop Recyborg\",\"url\":\"https:\\\/\\\/dev.recyborg.com\\\/\",\"logo\":{\"@type\":\"ImageObject\",\"inLanguage\":\"fr-CA\",\"@id\":\"https:\\\/\\\/dev.recyborg.com\\\/#\\\/schema\\\/logo\\\/image\\\/\",\"url\":\"https:\\\/\\\/recyborg-www.nyc3.digitaloceanspaces.com\\\/wp-content\\\/uploads\\\/2025\\\/08\\\/28161503\\\/Screenshot-from-2025-08-28-16-14-23.png\",\"contentUrl\":\"https:\\\/\\\/recyborg-www.nyc3.digitaloceanspaces.com\\\/wp-content\\\/uploads\\\/2025\\\/08\\\/28161503\\\/Screenshot-from-2025-08-28-16-14-23.png\",\"width\":255,\"height\":41,\"caption\":\"Coop Recyborg\"},\"image\":{\"@id\":\"https:\\\/\\\/dev.recyborg.com\\\/#\\\/schema\\\/logo\\\/image\\\/\"},\"sameAs\":[\"https:\\\/\\\/www.facebook.com\\\/people\\\/Recyborg\\\/100057282436718\\\/\"]}]}<\/script>\n<!-- \/ Yoast SEO plugin. -->","yoast_head_json":{"title":"Horaires d'ouverture et Lieux - RECYBORG","robots":{"index":"noindex","follow":"follow","max-snippet":"max-snippet:-1","max-image-preview":"max-image-preview:large","max-video-preview":"max-video-preview:-1"},"og_locale":"fr_CA","og_type":"article","og_title":"Opening hours and Locations - RECYBORG","og_description":"Please note that we have 2 locations ! HOCHELAGA location3811 sainte-catherine est, Montr\u00e9al, Canada H1W2G3in**@******rg.com438-506-2240 Monday 10h-18hTuesday 10h-18hWednesday 10h-18hThursday 10h-18hFriday 10h-18hSaturday 12h-17hSunday CLOSED POINTE-SAINT-CHARLES locationB\u00e2timent 71900c rue le Ber, Montreal, H3K 2A4514-370-5945 We do not have parking on site. If you come to shop, you have to park on the street. If you are simply [&hellip;]","og_url":"https:\/\/dev.recyborg.com\/fr\/horaires-douverture-et-emplacement\/?lang=en","og_site_name":"RECYBORG","article_publisher":"https:\/\/www.facebook.com\/people\/Recyborg\/100057282436718\/","article_modified_time":"2026-02-05T23:23:41+00:00","og_image":[{"url":"https:\/\/dev.recyborg.com\/wp-content\/uploads\/2024\/08\/Sans-titre-1940x1117.jpg","type":"","width":"","height":""}],"twitter_card":"summary_large_image","schema":{"@context":"https:\/\/schema.org","@graph":[{"@type":"WebPage","@id":"https:\/\/dev.recyborg.com\/opening-hours-and-location\/?lang=en","url":"https:\/\/dev.recyborg.com\/opening-hours-and-location\/?lang=en","name":"Horaires d'ouverture et Lieux - RECYBORG","isPartOf":{"@id":"https:\/\/dev.recyborg.com\/#website"},"primaryImageOfPage":{"@id":"https:\/\/dev.recyborg.com\/opening-hours-and-location\/?lang=en#primaryimage"},"image":{"@id":"https:\/\/dev.recyborg.com\/opening-hours-and-location\/?lang=en#primaryimage"},"thumbnailUrl":"https:\/\/dev.recyborg.com\/wp-content\/uploads\/2024\/08\/Sans-titre-1940x1117.jpg","datePublished":"2020-12-29T17:29:05+00:00","dateModified":"2026-02-05T23:23:41+00:00","breadcrumb":{"@id":"https:\/\/dev.recyborg.com\/opening-hours-and-location\/?lang=en#breadcrumb"},"inLanguage":"fr-CA","potentialAction":[{"@type":"ReadAction","target":["https:\/\/dev.recyborg.com\/opening-hours-and-location\/?lang=en"]}]},{"@type":"ImageObject","inLanguage":"fr-CA","@id":"https:\/\/dev.recyborg.com\/opening-hours-and-location\/?lang=en#primaryimage","url":"https:\/\/dev.recyborg.com\/wp-content\/uploads\/2024\/08\/Sans-titre-1940x1117.jpg","contentUrl":"https:\/\/dev.recyborg.com\/wp-content\/uploads\/2024\/08\/Sans-titre-1940x1117.jpg"},{"@type":"BreadcrumbList","@id":"https:\/\/dev.recyborg.com\/opening-hours-and-location\/?lang=en#breadcrumb","itemListElement":[{"@type":"ListItem","position":1,"name":"Home","item":"https:\/\/dev.recyborg.com\/"},{"@type":"ListItem","position":2,"name":"Opening hours and Locations"}]},{"@type":"WebSite","@id":"https:\/\/dev.recyborg.com\/#website","url":"https:\/\/dev.recyborg.com\/","name":"RECYBORG","description":"Ressourcerie et point de recyclage \u00e0 Montr\u00e9al","publisher":{"@id":"https:\/\/dev.recyborg.com\/#organization"},"potentialAction":[{"@type":"SearchAction","target":{"@type":"EntryPoint","urlTemplate":"https:\/\/dev.recyborg.com\/?s={search_term_string}"},"query-input":{"@type":"PropertyValueSpecification","valueRequired":true,"valueName":"search_term_string"}}],"inLanguage":"fr-CA"},{"@type":"Organization","@id":"https:\/\/dev.recyborg.com\/#organization","name":"Coop Recyborg","url":"https:\/\/dev.recyborg.com\/","logo":{"@type":"ImageObject","inLanguage":"fr-CA","@id":"https:\/\/dev.recyborg.com\/#\/schema\/logo\/image\/","url":"https:\/\/recyborg-www.nyc3.digitaloceanspaces.com\/wp-content\/uploads\/2025\/08\/28161503\/Screenshot-from-2025-08-28-16-14-23.png","contentUrl":"https:\/\/recyborg-www.nyc3.digitaloceanspaces.com\/wp-content\/uploads\/2025\/08\/28161503\/Screenshot-from-2025-08-28-16-14-23.png","width":255,"height":41,"caption":"Coop Recyborg"},"image":{"@id":"https:\/\/dev.recyborg.com\/#\/schema\/logo\/image\/"},"sameAs":["https:\/\/www.facebook.com\/people\/Recyborg\/100057282436718\/"]}]}},"_links":{"self":[{"href":"https:\/\/dev.recyborg.com\/fr\/wp-json\/wp\/v2\/pages\/26","targetHints":{"allow":["GET"]}}],"collection":[{"href":"https:\/\/dev.recyborg.com\/fr\/wp-json\/wp\/v2\/pages"}],"about":[{"href":"https:\/\/dev.recyborg.com\/fr\/wp-json\/wp\/v2\/types\/page"}],"author":[{"embeddable":true,"href":"https:\/\/dev.recyborg.com\/fr\/wp-json\/wp\/v2\/users\/1"}],"replies":[{"embeddable":true,"href":"https:\/\/dev.recyborg.com\/fr\/wp-json\/wp\/v2\/comments?post=26"}],"version-history":[{"count":0,"href":"https:\/\/dev.recyborg.com\/fr\/wp-json\/wp\/v2\/pages\/26\/revisions"}],"wp:attachment":[{"href":"https:\/\/dev.recyborg.com\/fr\/wp-json\/wp\/v2\/media?parent=26"}],"curies":[{"name":"wp","href":"https:\/\/api.w.org\/{rel}","templated":true}]}}