{"id":19330,"date":"2021-08-27T17:19:13","date_gmt":"2021-08-27T21:19:13","guid":{"rendered":"https:\/\/dev.recyborg.com\/?page_id=19330"},"modified":"2025-01-15T12:43:24","modified_gmt":"2025-01-15T17:43:24","slug":"autres-points-de-recyclage-a-montreal","status":"publish","type":"page","link":"https:\/\/dev.recyborg.com\/fr\/autres-points-de-recyclage-a-montreal\/","title":{"rendered":"Autres centres de dons et points de recyclage \u00e0 Montr\u00e9al"},"content":{"rendered":"<p>Dons d\u2019articles usag\u00e9s et organismes de recyclage dans le Grand Montr\u00e9al : <a href=\"https:\/\/www.211qc.ca\/assistance-materielle-et-logement\/dons-articles-usages\">https:\/\/www.211qc.ca\/assistance-materielle-et-logement\/dons-articles-usages<\/a><\/p>\n\n\n\n<p>Outil de recherche &#8220;\u00c7a va ou \u00e7a ?&#8221; : <a href=\"https:\/\/www.recyc-quebec.gouv.qc.ca\/points-de-recuperation\">https:\/\/www.recyc-quebec.gouv.qc.ca\/points-de-recuperation<\/a><\/p>\n\n\n\n<figure class=\"wp-block-table is-style-stripes\"><table><tbody><tr><td><strong>OBJET \/ MATI\u00c8RE<\/strong>S<\/td><td><strong> RESSOURCE<\/strong><\/td><td><\/td><\/tr><tr><td><strong>Meubles &#8211; \u00e9lectrom\u00e9nagers, vaisselle, article pour b\u00e9b\u00e9<\/strong><\/td><td>Collectif Bienvenue &#8211; Welcome Collective (avec service de collecte)<br><a href=\"https:\/\/www.welcomecollective.org\/fr\/donnez\" target=\"_blank\" rel=\"noreferrer noopener\">welcomecollective.org<\/a><\/td><td><img decoding=\"async\" style=\"width: 300px\" src=\"https:\/\/dev.recyborg.com\/wp-content\/uploads\/2024\/06\/logo-collectif-bienvenu-welcome.png\" alt=\"\"><\/td><\/tr><tr><td><strong>V\u00eatements<\/strong><br><br><\/td><td>Fondation La Collecte<br><a href=\"https:\/\/fondationlacollecte.ca\/\">fondationlacollecte.ca<\/a><\/td><td><img decoding=\"async\" src=\"https:\/\/dev.recyborg.com\/wp-content\/uploads\/2024\/06\/lacollecte.png\" alt=\"\" style=\"width: 300px\"><\/td><\/tr><tr><td><strong>Ampoules fluorescentes et n\u00e9ons<\/strong><\/td><td>Recycfluo<br><a href=\"https:\/\/www.recycfluo.ca\/fr\/trouver-un-point-de-depot\">recycfluo.ca\/fr\/trouver-un-point-de-depot<\/a><\/td><td><img decoding=\"async\" src=\"https:\/\/dev.recyborg.com\/wp-content\/uploads\/2024\/06\/logo-recy-fluo.png\" alt=\"\" style=\"width: 300px\"><\/td><\/tr><tr><td><strong>Huile, antigel, fluides automobiles<\/strong><\/td><td>SOGHU<br><a href=\"https:\/\/soghu.com\/fr\/page-accueil\" target=\"_blank\" rel=\"noreferrer noopener\">Trouver un point de d\u00e9pot<\/a><\/td><td><img decoding=\"async\" src=\"https:\/\/dev.recyborg.com\/wp-content\/uploads\/2024\/06\/soghu-logo.png\" alt=\"\" style=\"width: 300px\"><\/td><\/tr><tr><td><strong>Peintures et solvant<\/strong><\/td><td>\u00c9copeinture<br><a rel=\"noreferrer noopener\" href=\"https:\/\/www.ecopeinture.ca\/\" target=\"_blank\">Trouver un point de d\u00e9pot <\/a><\/td><td><img decoding=\"async\" src=\"https:\/\/dev.recyborg.com\/wp-content\/uploads\/2024\/06\/logo-ecopeinture.png\" alt=\"\" style=\"width: 300px\"><\/td><\/tr><tr><td><strong>Recyclage du polystyr\u00e8ne (PS)<\/strong> <strong>ou plastique #6<\/strong><\/td><td>\u00c9cocentre LaSalle<br>7272, rue Saint-Patrick<br>LaSalle (Qu\u00e9bec) H8N 2W7<br><br>\u00c9cocentre Saint-Laurent (arrondissement de Saint-Laurent)<br>3535, rue Sartelon<br>Montr\u00e9al (Qu\u00e9bec) H4R 1E6<br><\/td><td><img decoding=\"async\" src=\"https:\/\/dev.recyborg.com\/wp-content\/uploads\/2024\/06\/logo-ecocentre.png\" alt=\"\" style=\"width: 300px\"><\/td><\/tr><tr><td><strong>Mat\u00e9riaux de r\u00e9novation<\/strong><\/td><td>ReStore St-Henri<br>4399 rue Notre-Dame Ouest, Montr\u00e9al, Qu\u00e9bec H4C 1R9<br>(514) 907-8991<br><a href=\"https:\/\/restorequebec.ca\/\">restorequebec.ca<\/a><\/td><td><img decoding=\"async\" src=\"https:\/\/dev.recyborg.com\/wp-content\/uploads\/2024\/06\/logo-habitat-pour-lhumanite-888x391.jpg\" alt=\"\" style=\"width: 300px\"><\/td><\/tr><tr><td><\/td><td>R\u00e9co<br>9399, boul. Saint-Laurent,<br>Montr\u00e9al (Qu\u00e9bec) H2N 1P6<br>(514) 725-9990<br><a href=\"https:\/\/recocentre.ca\/\" target=\"_blank\" rel=\"noreferrer noopener\">recocentre.ca<\/a><\/td><td><img decoding=\"async\" src=\"https:\/\/dev.recyborg.com\/wp-content\/uploads\/2024\/06\/logo-reco.png\" alt=\"\" style=\"width: 300px\"><\/td><\/tr><tr><td><strong>Nourriture<\/strong><\/td><td>Les Pirates Verts <br>(Hochelaga-maisonneuve)<br><a href=\"https:\/\/lespiratesverts.org\/liens-utiles-useful-links\/\" target=\"_blank\" rel=\"noreferrer noopener\">lespiratesverts.org<\/a><br><a href=\"https:\/\/www.facebook.com\/piratevert\" target=\"_blank\" rel=\"noreferrer noopener\">https:\/\/www.facebook.com\/piratevert<\/a><\/td><td><\/td><\/tr><tr><td><strong>Cannettes, bouteilles, contenants consign\u00e9s<\/strong><\/td><td>Coop les Valoristes<br><a href=\"https:\/\/cooplesvaloristes.ca\/language\/fr\/depots\/\" target=\"_blank\" rel=\"noreferrer noopener\">cooplesvaloristes.ca<\/a><\/td><td><img decoding=\"async\" src=\"https:\/\/dev.recyborg.com\/wp-content\/uploads\/2024\/06\/logo-coop-les-valoristes.png\" alt=\"\" style=\"width: 300px\"><\/td><\/tr><tr><td><strong>Mat\u00e9riel de sc\u00e8ne, th\u00e9\u00e2tre, d\u00e9cors<\/strong><\/td><td>\u00c9cosc\u00e9no<br><a href=\"http:\/\/www.ecosceno.org\" target=\"_blank\" rel=\"noreferrer noopener\">ecosceno.org<\/a><\/td><td><img decoding=\"async\" src=\"https:\/\/dev.recyborg.com\/wp-content\/uploads\/2024\/06\/ecosceno-logo-1.png\" alt=\"\" style=\"width: 300px\"><\/td><\/tr><tr><td><strong>Restauration de calorif\u00e8re en fonte usag\u00e9<\/strong><\/td><td>Shafter Bros Inc<br><a href=\"https:\/\/www.steamexperts.com\/francais.html\" target=\"_blank\" rel=\"noreferrer noopener\">steamexperts.com<\/a><\/td><td><\/td><\/tr><tr><td><strong>Recyclage de textile (guenille)<\/strong><\/td><td>Pour du textile non-r\u00e9employable<br>Cotton seulement<br>2615, boulevard Le Corbusier<br>Laval <br>T\u00e9l\u00e9phone : (450) 682-7474<br><a href=\"http:\/\/www.textilart.ca\" target=\"_blank\" rel=\"noreferrer noopener\">textilart.ca<\/a><\/td><td><img decoding=\"async\" src=\"https:\/\/dev.recyborg.com\/wp-content\/uploads\/2024\/06\/textile-art.png\" alt=\"\" style=\"width: 300px\"><\/td><\/tr><tr><td><strong>Recyclage de banc \/ si\u00e8ge d&#8217;auto pour enfant<\/strong><\/td><td>Trouver un point de d\u00e9pot : <a href=\"https:\/\/www.caaquebec.com\/fr\/securite-routiere\/sieges-dauto-pour-enfants\">https:\/\/www.caaquebec.com\/fr\/securite-routiere\/sieges-dauto-pour-enfants<\/a><\/td><td><\/td><\/tr><tr><td><strong>Ateliers collaboratifs <\/strong><\/td><td>B\u00e2timent 7<br>1900 Rue le Ber, Montr\u00e9al, QC H3K 2A4<br><a href=\"https:\/\/ateliers.batiment7.org\" target=\"_blank\" rel=\"noreferrer noopener\">ateliers.batiment7.org<\/a><\/td><td><img decoding=\"async\" src=\"https:\/\/dev.recyborg.com\/wp-content\/uploads\/2024\/06\/logo-b7.png\" alt=\"\" style=\"width: 300px\"><\/td><\/tr><tr><td><\/td><td>Espacemaker<br>2875 Rue Hochelaga, Montr\u00e9al, QC H2K 1K7<br><a href=\"https:\/\/www.lespacemaker.com\/fr\/\" target=\"_blank\" rel=\"noreferrer noopener\">lespacemaker.com<\/a><\/td><td><img decoding=\"async\" src=\"https:\/\/dev.recyborg.com\/wp-content\/uploads\/2024\/06\/lespacemaker-logo.png\" alt=\"\" style=\"width: 300px\"><\/td><\/tr><tr><td><\/td><td>La Patente (Ville de Qu\u00e9bec)<br>507 rue des Sables, Qu\u00e9bec, QC, G1J 2Y1<br><a href=\"http:\/\/www.atelierlapatente.org\" target=\"_blank\" rel=\"noreferrer noopener\">atelierlapatente.org<\/a><\/td><td><img decoding=\"async\" src=\"https:\/\/dev.recyborg.com\/wp-content\/uploads\/2024\/06\/la-patente-logo.png\" alt=\"\" style=\"width: 300px\"><\/td><\/tr><\/tbody><\/table><\/figure>\n\n\n\n<p><\/p>","protected":false},"excerpt":{"rendered":"<p>Dons d\u2019articles usag\u00e9s et organismes de recyclage dans le Grand Montr\u00e9al : https:\/\/www.211qc.ca\/assistance-materielle-et-logement\/dons-articles-usages Outil de recherche &#8220;\u00c7a va ou \u00e7a ?&#8221; : https:\/\/www.recyc-quebec.gouv.qc.ca\/points-de-recuperation OBJET \/ MATI\u00c8RES RESSOURCE Meubles &#8211; \u00e9lectrom\u00e9nagers, vaisselle, article pour b\u00e9b\u00e9 Collectif Bienvenue &#8211; Welcome Collective (avec service de collecte)welcomecollective.org V\u00eatements Fondation La Collectefondationlacollecte.ca Ampoules fluorescentes et n\u00e9ons Recycfluorecycfluo.ca\/fr\/trouver-un-point-de-depot Huile, antigel, fluides [&hellip;]<\/p>\n","protected":false},"author":1,"featured_media":0,"parent":0,"menu_order":0,"comment_status":"closed","ping_status":"closed","template":"","meta":{"_acf_changed":false,"iawp_total_views":783,"footnotes":""},"class_list":["post-19330","page","type-page","status-publish","hentry"],"acf":[],"yoast_head":"<!-- This site is optimized with the Yoast SEO plugin v27.4 - https:\/\/yoast.com\/product\/yoast-seo-wordpress\/ -->\n<title>Centre de dons et organisme de recyclage \u00e0 Montr\u00e9al - Recyborg<\/title>\n<meta name=\"description\" content=\"Visitez nos centres de dons et nos diff\u00e9rents emplacements pour vous d\u00e9partir de vos objets usag\u00e9s. Organisme de recyclage \u00e0 Montr\u00e9al.\" \/>\n<meta name=\"robots\" content=\"noindex, follow, max-snippet:-1, max-image-preview:large, max-video-preview:-1\" \/>\n<meta property=\"og:locale\" content=\"fr_CA\" \/>\n<meta property=\"og:type\" content=\"article\" \/>\n<meta property=\"og:title\" content=\"Centre de dons et organisme de recyclage \u00e0 Montr\u00e9al - Recyborg\" \/>\n<meta property=\"og:description\" content=\"Visitez nos centres de dons et nos diff\u00e9rents emplacements pour vous d\u00e9partir de vos objets usag\u00e9s. Organisme de recyclage \u00e0 Montr\u00e9al.\" \/>\n<meta property=\"og:url\" content=\"https:\/\/dev.recyborg.com\/fr\/autres-points-de-recyclage-a-montreal\/\" \/>\n<meta property=\"og:site_name\" content=\"RECYBORG\" \/>\n<meta property=\"article:publisher\" content=\"https:\/\/www.facebook.com\/people\/Recyborg\/100057282436718\/\" \/>\n<meta property=\"article:modified_time\" content=\"2025-01-15T17:43:24+00:00\" \/>\n<meta property=\"og:image\" content=\"https:\/\/dev.recyborg.com\/wp-content\/uploads\/2024\/06\/logo-collectif-bienvenu-welcome.png\" \/>\n<meta name=\"twitter:card\" content=\"summary_large_image\" \/>\n<script type=\"application\/ld+json\" class=\"yoast-schema-graph\">{\"@context\":\"https:\\\/\\\/schema.org\",\"@graph\":[{\"@type\":\"WebPage\",\"@id\":\"https:\\\/\\\/dev.recyborg.com\\\/autres-points-de-recyclage-a-montreal\\\/\",\"url\":\"https:\\\/\\\/dev.recyborg.com\\\/autres-points-de-recyclage-a-montreal\\\/\",\"name\":\"Centre de dons et organisme de recyclage \u00e0 Montr\u00e9al - Recyborg\",\"isPartOf\":{\"@id\":\"https:\\\/\\\/dev.recyborg.com\\\/#website\"},\"primaryImageOfPage\":{\"@id\":\"https:\\\/\\\/dev.recyborg.com\\\/autres-points-de-recyclage-a-montreal\\\/#primaryimage\"},\"image\":{\"@id\":\"https:\\\/\\\/dev.recyborg.com\\\/autres-points-de-recyclage-a-montreal\\\/#primaryimage\"},\"thumbnailUrl\":\"https:\\\/\\\/dev.recyborg.com\\\/wp-content\\\/uploads\\\/2024\\\/06\\\/logo-collectif-bienvenu-welcome.png\",\"datePublished\":\"2021-08-27T21:19:13+00:00\",\"dateModified\":\"2025-01-15T17:43:24+00:00\",\"description\":\"Visitez nos centres de dons et nos diff\u00e9rents emplacements pour vous d\u00e9partir de vos objets usag\u00e9s. Organisme de recyclage \u00e0 Montr\u00e9al.\",\"breadcrumb\":{\"@id\":\"https:\\\/\\\/dev.recyborg.com\\\/autres-points-de-recyclage-a-montreal\\\/#breadcrumb\"},\"inLanguage\":\"fr-CA\",\"potentialAction\":[{\"@type\":\"ReadAction\",\"target\":[\"https:\\\/\\\/dev.recyborg.com\\\/autres-points-de-recyclage-a-montreal\\\/\"]}]},{\"@type\":\"ImageObject\",\"inLanguage\":\"fr-CA\",\"@id\":\"https:\\\/\\\/dev.recyborg.com\\\/autres-points-de-recyclage-a-montreal\\\/#primaryimage\",\"url\":\"https:\\\/\\\/dev.recyborg.com\\\/wp-content\\\/uploads\\\/2024\\\/06\\\/logo-collectif-bienvenu-welcome.png\",\"contentUrl\":\"https:\\\/\\\/dev.recyborg.com\\\/wp-content\\\/uploads\\\/2024\\\/06\\\/logo-collectif-bienvenu-welcome.png\"},{\"@type\":\"BreadcrumbList\",\"@id\":\"https:\\\/\\\/dev.recyborg.com\\\/autres-points-de-recyclage-a-montreal\\\/#breadcrumb\",\"itemListElement\":[{\"@type\":\"ListItem\",\"position\":1,\"name\":\"Home\",\"item\":\"https:\\\/\\\/dev.recyborg.com\\\/\"},{\"@type\":\"ListItem\",\"position\":2,\"name\":\"Autres centres de dons et points de recyclage \u00e0 Montr\u00e9al\"}]},{\"@type\":\"WebSite\",\"@id\":\"https:\\\/\\\/dev.recyborg.com\\\/#website\",\"url\":\"https:\\\/\\\/dev.recyborg.com\\\/\",\"name\":\"RECYBORG\",\"description\":\"Ressourcerie et point de recyclage \u00e0 Montr\u00e9al\",\"publisher\":{\"@id\":\"https:\\\/\\\/dev.recyborg.com\\\/#organization\"},\"potentialAction\":[{\"@type\":\"SearchAction\",\"target\":{\"@type\":\"EntryPoint\",\"urlTemplate\":\"https:\\\/\\\/dev.recyborg.com\\\/?s={search_term_string}\"},\"query-input\":{\"@type\":\"PropertyValueSpecification\",\"valueRequired\":true,\"valueName\":\"search_term_string\"}}],\"inLanguage\":\"fr-CA\"},{\"@type\":\"Organization\",\"@id\":\"https:\\\/\\\/dev.recyborg.com\\\/#organization\",\"name\":\"Coop Recyborg\",\"url\":\"https:\\\/\\\/dev.recyborg.com\\\/\",\"logo\":{\"@type\":\"ImageObject\",\"inLanguage\":\"fr-CA\",\"@id\":\"https:\\\/\\\/dev.recyborg.com\\\/#\\\/schema\\\/logo\\\/image\\\/\",\"url\":\"https:\\\/\\\/recyborg-www.nyc3.digitaloceanspaces.com\\\/wp-content\\\/uploads\\\/2025\\\/08\\\/28161503\\\/Screenshot-from-2025-08-28-16-14-23.png\",\"contentUrl\":\"https:\\\/\\\/recyborg-www.nyc3.digitaloceanspaces.com\\\/wp-content\\\/uploads\\\/2025\\\/08\\\/28161503\\\/Screenshot-from-2025-08-28-16-14-23.png\",\"width\":255,\"height\":41,\"caption\":\"Coop Recyborg\"},\"image\":{\"@id\":\"https:\\\/\\\/dev.recyborg.com\\\/#\\\/schema\\\/logo\\\/image\\\/\"},\"sameAs\":[\"https:\\\/\\\/www.facebook.com\\\/people\\\/Recyborg\\\/100057282436718\\\/\"]}]}<\/script>\n<!-- \/ Yoast SEO plugin. -->","yoast_head_json":{"title":"Centre de dons et organisme de recyclage \u00e0 Montr\u00e9al - Recyborg","description":"Visitez nos centres de dons et nos diff\u00e9rents emplacements pour vous d\u00e9partir de vos objets usag\u00e9s. Organisme de recyclage \u00e0 Montr\u00e9al.","robots":{"index":"noindex","follow":"follow","max-snippet":"max-snippet:-1","max-image-preview":"max-image-preview:large","max-video-preview":"max-video-preview:-1"},"og_locale":"fr_CA","og_type":"article","og_title":"Centre de dons et organisme de recyclage \u00e0 Montr\u00e9al - Recyborg","og_description":"Visitez nos centres de dons et nos diff\u00e9rents emplacements pour vous d\u00e9partir de vos objets usag\u00e9s. Organisme de recyclage \u00e0 Montr\u00e9al.","og_url":"https:\/\/dev.recyborg.com\/fr\/autres-points-de-recyclage-a-montreal\/","og_site_name":"RECYBORG","article_publisher":"https:\/\/www.facebook.com\/people\/Recyborg\/100057282436718\/","article_modified_time":"2025-01-15T17:43:24+00:00","og_image":[{"url":"https:\/\/dev.recyborg.com\/wp-content\/uploads\/2024\/06\/logo-collectif-bienvenu-welcome.png","type":"","width":"","height":""}],"twitter_card":"summary_large_image","schema":{"@context":"https:\/\/schema.org","@graph":[{"@type":"WebPage","@id":"https:\/\/dev.recyborg.com\/autres-points-de-recyclage-a-montreal\/","url":"https:\/\/dev.recyborg.com\/autres-points-de-recyclage-a-montreal\/","name":"Centre de dons et organisme de recyclage \u00e0 Montr\u00e9al - Recyborg","isPartOf":{"@id":"https:\/\/dev.recyborg.com\/#website"},"primaryImageOfPage":{"@id":"https:\/\/dev.recyborg.com\/autres-points-de-recyclage-a-montreal\/#primaryimage"},"image":{"@id":"https:\/\/dev.recyborg.com\/autres-points-de-recyclage-a-montreal\/#primaryimage"},"thumbnailUrl":"https:\/\/dev.recyborg.com\/wp-content\/uploads\/2024\/06\/logo-collectif-bienvenu-welcome.png","datePublished":"2021-08-27T21:19:13+00:00","dateModified":"2025-01-15T17:43:24+00:00","description":"Visitez nos centres de dons et nos diff\u00e9rents emplacements pour vous d\u00e9partir de vos objets usag\u00e9s. Organisme de recyclage \u00e0 Montr\u00e9al.","breadcrumb":{"@id":"https:\/\/dev.recyborg.com\/autres-points-de-recyclage-a-montreal\/#breadcrumb"},"inLanguage":"fr-CA","potentialAction":[{"@type":"ReadAction","target":["https:\/\/dev.recyborg.com\/autres-points-de-recyclage-a-montreal\/"]}]},{"@type":"ImageObject","inLanguage":"fr-CA","@id":"https:\/\/dev.recyborg.com\/autres-points-de-recyclage-a-montreal\/#primaryimage","url":"https:\/\/dev.recyborg.com\/wp-content\/uploads\/2024\/06\/logo-collectif-bienvenu-welcome.png","contentUrl":"https:\/\/dev.recyborg.com\/wp-content\/uploads\/2024\/06\/logo-collectif-bienvenu-welcome.png"},{"@type":"BreadcrumbList","@id":"https:\/\/dev.recyborg.com\/autres-points-de-recyclage-a-montreal\/#breadcrumb","itemListElement":[{"@type":"ListItem","position":1,"name":"Home","item":"https:\/\/dev.recyborg.com\/"},{"@type":"ListItem","position":2,"name":"Autres centres de dons et points de recyclage \u00e0 Montr\u00e9al"}]},{"@type":"WebSite","@id":"https:\/\/dev.recyborg.com\/#website","url":"https:\/\/dev.recyborg.com\/","name":"RECYBORG","description":"Ressourcerie et point de recyclage \u00e0 Montr\u00e9al","publisher":{"@id":"https:\/\/dev.recyborg.com\/#organization"},"potentialAction":[{"@type":"SearchAction","target":{"@type":"EntryPoint","urlTemplate":"https:\/\/dev.recyborg.com\/?s={search_term_string}"},"query-input":{"@type":"PropertyValueSpecification","valueRequired":true,"valueName":"search_term_string"}}],"inLanguage":"fr-CA"},{"@type":"Organization","@id":"https:\/\/dev.recyborg.com\/#organization","name":"Coop Recyborg","url":"https:\/\/dev.recyborg.com\/","logo":{"@type":"ImageObject","inLanguage":"fr-CA","@id":"https:\/\/dev.recyborg.com\/#\/schema\/logo\/image\/","url":"https:\/\/recyborg-www.nyc3.digitaloceanspaces.com\/wp-content\/uploads\/2025\/08\/28161503\/Screenshot-from-2025-08-28-16-14-23.png","contentUrl":"https:\/\/recyborg-www.nyc3.digitaloceanspaces.com\/wp-content\/uploads\/2025\/08\/28161503\/Screenshot-from-2025-08-28-16-14-23.png","width":255,"height":41,"caption":"Coop Recyborg"},"image":{"@id":"https:\/\/dev.recyborg.com\/#\/schema\/logo\/image\/"},"sameAs":["https:\/\/www.facebook.com\/people\/Recyborg\/100057282436718\/"]}]}},"_links":{"self":[{"href":"https:\/\/dev.recyborg.com\/fr\/wp-json\/wp\/v2\/pages\/19330","targetHints":{"allow":["GET"]}}],"collection":[{"href":"https:\/\/dev.recyborg.com\/fr\/wp-json\/wp\/v2\/pages"}],"about":[{"href":"https:\/\/dev.recyborg.com\/fr\/wp-json\/wp\/v2\/types\/page"}],"author":[{"embeddable":true,"href":"https:\/\/dev.recyborg.com\/fr\/wp-json\/wp\/v2\/users\/1"}],"replies":[{"embeddable":true,"href":"https:\/\/dev.recyborg.com\/fr\/wp-json\/wp\/v2\/comments?post=19330"}],"version-history":[{"count":0,"href":"https:\/\/dev.recyborg.com\/fr\/wp-json\/wp\/v2\/pages\/19330\/revisions"}],"wp:attachment":[{"href":"https:\/\/dev.recyborg.com\/fr\/wp-json\/wp\/v2\/media?parent=19330"}],"curies":[{"name":"wp","href":"https:\/\/api.w.org\/{rel}","templated":true}]}}