{"id":142571,"date":"2024-09-11T12:52:18","date_gmt":"2024-09-11T16:52:18","guid":{"rendered":"https:\/\/dev.recyborg.com\/collection-of-used-cooking-vegetable-oil-restaurant-fryer-kitchen\/"},"modified":"2024-09-11T13:33:21","modified_gmt":"2024-09-11T17:33:21","slug":"collecte-dhuile-vegetale-usagee-de-cuisine-de-restaurant-friteuse-cuisine","status":"publish","type":"page","link":"https:\/\/dev.recyborg.com\/fr\/collection-of-used-cooking-vegetable-oil-restaurant-fryer-kitchen\/","title":{"rendered":"Service de collecte d'huile de cuisson v\u00e9g\u00e9tale usag\u00e9e (restaurant, friteuse, cuisine) \u00e0 Montr\u00e9al ou Longueuil"},"content":{"rendered":"<div class=\"wp-block-columns is-layout-flex wp-container-core-columns-is-layout-28f84493 wp-block-columns-is-layout-flex\">\n<div class=\"wp-block-column is-layout-flow wp-block-column-is-layout-flow\">\n<ul class=\"wp-block-list\">\n<li>Service de collecte gratuit dans la grande r\u00e9gion de Montr\u00e9al et Longueuil<\/li>\n\n\n\n<li>Collectes ponctuelles ou r\u00e9guli\u00e8res<\/li>\n\n\n\n<li>Nous pouvons prendre l'huile dans son contenant d'origine ou la pomper d'un r\u00e9servoir<\/li>\n\n\n\n<li>Nous ne collectons que l'huile liquide, pas la graisse qui est solide \u00e0 temp\u00e9rature ambiante.<\/li>\n\n\n\n<li>Nous sommes en mesure de fournir un f\u00fbt pour nos nouveaux clients<\/li>\n\n\n\n<li>Il est \u00e9galement possible d'apporter directement de l'huile \u00e0 nos installations pendant les heures d'ouverture.<\/li>\n<\/ul>\n\n\n\n<h2 class=\"wp-block-heading\">Pour toute information ou pour planifier un enl\u00e8vement<\/h2>\n\n\n\n<div class=\"wpcf7 no-js\" id=\"wpcf7-f7516-o1\" lang=\"en-US\" dir=\"ltr\" data-wpcf7-id=\"7516\">\n<div class=\"screen-reader-response\"><p role=\"status\" aria-live=\"polite\" aria-atomic=\"true\"><\/p> <ul><\/ul><\/div>\n<form action=\"\/fr\/wp-json\/wp\/v2\/pages\/142571#wpcf7-f7516-o1\" method=\"post\" class=\"wpcf7-form init\" aria-label=\"Contact form\" enctype=\"multipart\/form-data\" novalidate=\"novalidate\" data-status=\"init\" data-trp-original-action=\"\/fr\/wp-json\/wp\/v2\/pages\/142571#wpcf7-f7516-o1\">\n<fieldset class=\"hidden-fields-container\"><input type=\"hidden\" name=\"_wpcf7\" value=\"7516\" \/><input type=\"hidden\" name=\"_wpcf7_version\" value=\"6.1.5\" \/><input type=\"hidden\" name=\"_wpcf7_locale\" value=\"en_US\" \/><input type=\"hidden\" name=\"_wpcf7_unit_tag\" value=\"wpcf7-f7516-o1\" \/><input type=\"hidden\" name=\"_wpcf7_container_post\" value=\"0\" \/><input type=\"hidden\" name=\"_wpcf7_posted_data_hash\" value=\"\" \/>\n<\/fieldset>\n<p><span id=\"wpcf7-69eb362793e3d-wrapper\" class=\"wpcf7-form-control-wrap honeypot-69-wrap\" style=\"display:none !important; visibility:hidden !important;\"><label for=\"wpcf7-69eb362793e3d-field\" class=\"hp-message\">Please leave this field empty.<\/label><input id=\"wpcf7-69eb362793e3d-field\"  class=\"wpcf7-form-control wpcf7-text\" type=\"text\" name=\"honeypot-69\" value=\"\" size=\"40\" tabindex=\"-1\" autocomplete=\"new-password\" \/><\/span>\n<\/p>\n<p><label> Votre nom<br \/>\n<span class=\"wpcf7-form-control-wrap\" data-name=\"your-name\"><input size=\"40\" maxlength=\"400\" class=\"wpcf7-form-control wpcf7-text\" aria-invalid=\"false\" value=\"\" type=\"text\" name=\"your-name\" \/><\/span> <\/label>\n<\/p>\n<p><label> Adresse e-mail<br \/>\n<span class=\"wpcf7-form-control-wrap\" data-name=\"your-email\"><input size=\"40\" maxlength=\"400\" class=\"wpcf7-form-control wpcf7-email wpcf7-validates-as-required wpcf7-text wpcf7-validates-as-email\" aria-required=\"true\" aria-invalid=\"false\" value=\"\" type=\"email\" name=\"your-email\" \/><\/span> <\/label>\n<\/p>\n<p><label> Num\u00e9ro de t\u00e9l\u00e9phone<br \/>\n<span class=\"wpcf7-form-control-wrap\" data-name=\"telephone\"><input size=\"40\" maxlength=\"400\" class=\"wpcf7-form-control wpcf7-text\" aria-invalid=\"false\" value=\"\" type=\"text\" name=\"telephone\" \/><\/span> <\/label>\n<\/p>\n<p><label> Adresse o\u00f9 se trouvent les articles<br \/>\n<span class=\"wpcf7-form-control-wrap\" data-name=\"adresse\"><input size=\"40\" maxlength=\"400\" class=\"wpcf7-form-control wpcf7-text\" aria-invalid=\"false\" value=\"\" type=\"text\" name=\"adresse\" \/><\/span> <\/label>\n<\/p>\n<p><label> Qu'est-ce qu'il faut pour \u00eatre ramass\u00e9 ?<br \/>\n<span class=\"wpcf7-form-control-wrap\" data-name=\"what-it-is\"><textarea cols=\"40\" rows=\"10\" maxlength=\"10000\" class=\"wpcf7-form-control wpcf7-textarea wpcf7-validates-as-required\" aria-required=\"true\" aria-invalid=\"false\" name=\"what-it-is\"><\/textarea><\/span> <\/label>\n<\/p>\n<p><label> \u00c0 quel \u00e9tage se trouve-t-il ? (rez-de-chauss\u00e9e, escaliers, ascenseur, jardin, etc.)<br \/>\n<span class=\"wpcf7-form-control-wrap\" data-name=\"your-message\"><textarea cols=\"40\" rows=\"10\" maxlength=\"10000\" class=\"wpcf7-form-control wpcf7-textarea wpcf7-validates-as-required\" aria-required=\"true\" aria-invalid=\"false\" name=\"your-message\"><\/textarea><\/span> <\/label>\n<\/p>\n<p><label> Ajouter une photo (facultatif)<br \/>\n<span class=\"wpcf7-form-control-wrap\" data-name=\"file-741\"><input size=\"40\" class=\"wpcf7-form-control wpcf7-file\" accept=\".jpg,.pdf,.png,.jpeg,.doc,.xls,.csv\" aria-invalid=\"false\" type=\"file\" name=\"file-741\" \/><\/span><br \/>\n<\/label>\n<\/p>\n<p><label> Ajouter une autre photo<br \/>\n<span class=\"wpcf7-form-control-wrap\" data-name=\"file-742\"><input size=\"40\" class=\"wpcf7-form-control wpcf7-file\" accept=\".jpg,.pdf,.png,.jpeg,.doc,.xls,.csv\" aria-invalid=\"false\" type=\"file\" name=\"file-742\" \/><\/span><br \/>\n<\/label>\n<\/p>\n<p><label> Ajouter une autre photo<br \/>\n<span class=\"wpcf7-form-control-wrap\" data-name=\"file-743\"><input size=\"40\" class=\"wpcf7-form-control wpcf7-file\" accept=\".jpg,.pdf,.png,.jpeg,.doc,.xls,.csv\" aria-invalid=\"false\" type=\"file\" name=\"file-743\" \/><\/span><br \/>\n<\/label>\n<\/p>\n<p><input class=\"wpcf7-form-control wpcf7-submit has-spinner\" type=\"submit\" value=\"ENVOYER\" \/>\n<\/p><input type=\"hidden\" id=\"ct_checkjs_cf7_934815ad542a4a7c5e8a2dfa04fea9f5\" name=\"ct_checkjs_cf7\" value=\"0\" \/><script >setTimeout(function(){var ct_input_name = \"ct_checkjs_cf7_934815ad542a4a7c5e8a2dfa04fea9f5\";if (document.getElementById(ct_input_name) !== null) {var ct_input_value = document.getElementById(ct_input_name).value;document.getElementById(ct_input_name).value = document.getElementById(ct_input_name).value.replace(ct_input_value, '96c57e6665b56db646e7d144d9a03aefea423483367cf57532a02d614398a10d');}}, 1000);<\/script><input\n                    class=\"apbct_special_field apbct_email_id__wp_contact_form_7\"\n                    name=\"apbct__email_id__wp_contact_form_7\"\n                    aria-label=\"apbct__label_id__wp_contact_form_7\"\n                    type=\"text\" size=\"30\" maxlength=\"200\" autocomplete=\"off\"\n                    value=\"\"\n                \/><div class=\"wpcf7-response-output\" aria-hidden=\"true\"><\/div>\n<input type=\"hidden\" name=\"trp-form-language\" value=\"fr\"\/><\/form>\n<\/div>\n\n<\/div>\n\n\n\n<div class=\"wp-block-column is-layout-flow wp-block-column-is-layout-flow\">\n<figure class=\"wp-block-image size-full\"><img decoding=\"async\" src=\"https:\/\/recyborg-www.nyc3.digitaloceanspaces.com\/wp-content\/uploads\/2024\/09\/11125113\/Capture-decran-du-2024-09-11-12-48-44-535x663.jpg\" alt=\"\" class=\"wp-image-142565\"\/><\/figure>\n<\/div>\n<\/div>","protected":false},"excerpt":{"rendered":"<p>Pour toute information ou pour planifier un enl\u00e8vement<\/p>","protected":false},"author":1,"featured_media":0,"parent":0,"menu_order":0,"comment_status":"closed","ping_status":"closed","template":"","meta":{"_acf_changed":false,"iawp_total_views":229,"footnotes":""},"class_list":["post-142571","page","type-page","status-publish","hentry"],"acf":[],"yoast_head":"<!-- This site is optimized with the Yoast SEO plugin v27.4 - https:\/\/yoast.com\/product\/yoast-seo-wordpress\/ -->\n<title>Collection service of used cooking vegetable oil (restaurant, fryer, kitchen) in Montreal or Longueuil - RECYBORG<\/title>\n<meta name=\"robots\" content=\"noindex, follow, max-snippet:-1, max-image-preview:large, max-video-preview:-1\" \/>\n<meta property=\"og:locale\" content=\"fr_CA\" \/>\n<meta property=\"og:type\" content=\"article\" \/>\n<meta property=\"og:title\" content=\"Collection service of used cooking vegetable oil (restaurant, fryer, kitchen) in Montreal or Longueuil - RECYBORG\" \/>\n<meta property=\"og:description\" content=\"For any information or to plan a collection\" \/>\n<meta property=\"og:url\" content=\"https:\/\/dev.recyborg.com\/fr\/collecte-dhuile-vegetale-usagee-de-cuisine-de-restaurant-friteuse-cuisine\/?lang=en\" \/>\n<meta property=\"og:site_name\" content=\"RECYBORG\" \/>\n<meta property=\"article:publisher\" content=\"https:\/\/www.facebook.com\/people\/Recyborg\/100057282436718\/\" \/>\n<meta property=\"article:modified_time\" content=\"2024-09-11T17:33:21+00:00\" \/>\n<meta property=\"og:image\" content=\"https:\/\/dev.recyborg.com\/wp-content\/uploads\/2024\/09\/Capture-decran-du-2024-09-11-12-48-44-535x663.jpg\" \/>\n<meta name=\"twitter:card\" content=\"summary_large_image\" \/>\n<script type=\"application\/ld+json\" class=\"yoast-schema-graph\">{\"@context\":\"https:\\\/\\\/schema.org\",\"@graph\":[{\"@type\":\"WebPage\",\"@id\":\"https:\\\/\\\/dev.recyborg.com\\\/collection-of-used-cooking-vegetable-oil-restaurant-fryer-kitchen\\\/?lang=en\",\"url\":\"https:\\\/\\\/dev.recyborg.com\\\/collection-of-used-cooking-vegetable-oil-restaurant-fryer-kitchen\\\/?lang=en\",\"name\":\"Collection service of used cooking vegetable oil (restaurant, fryer, kitchen) in Montreal or Longueuil - RECYBORG\",\"isPartOf\":{\"@id\":\"https:\\\/\\\/dev.recyborg.com\\\/#website\"},\"primaryImageOfPage\":{\"@id\":\"https:\\\/\\\/dev.recyborg.com\\\/collection-of-used-cooking-vegetable-oil-restaurant-fryer-kitchen\\\/?lang=en#primaryimage\"},\"image\":{\"@id\":\"https:\\\/\\\/dev.recyborg.com\\\/collection-of-used-cooking-vegetable-oil-restaurant-fryer-kitchen\\\/?lang=en#primaryimage\"},\"thumbnailUrl\":\"https:\\\/\\\/dev.recyborg.com\\\/wp-content\\\/uploads\\\/2024\\\/09\\\/Capture-decran-du-2024-09-11-12-48-44-535x663.jpg\",\"datePublished\":\"2024-09-11T16:52:18+00:00\",\"dateModified\":\"2024-09-11T17:33:21+00:00\",\"breadcrumb\":{\"@id\":\"https:\\\/\\\/dev.recyborg.com\\\/collection-of-used-cooking-vegetable-oil-restaurant-fryer-kitchen\\\/?lang=en#breadcrumb\"},\"inLanguage\":\"fr-CA\",\"potentialAction\":[{\"@type\":\"ReadAction\",\"target\":[\"https:\\\/\\\/dev.recyborg.com\\\/collection-of-used-cooking-vegetable-oil-restaurant-fryer-kitchen\\\/?lang=en\"]}]},{\"@type\":\"ImageObject\",\"inLanguage\":\"fr-CA\",\"@id\":\"https:\\\/\\\/dev.recyborg.com\\\/collection-of-used-cooking-vegetable-oil-restaurant-fryer-kitchen\\\/?lang=en#primaryimage\",\"url\":\"https:\\\/\\\/dev.recyborg.com\\\/wp-content\\\/uploads\\\/2024\\\/09\\\/Capture-decran-du-2024-09-11-12-48-44-535x663.jpg\",\"contentUrl\":\"https:\\\/\\\/dev.recyborg.com\\\/wp-content\\\/uploads\\\/2024\\\/09\\\/Capture-decran-du-2024-09-11-12-48-44-535x663.jpg\"},{\"@type\":\"BreadcrumbList\",\"@id\":\"https:\\\/\\\/dev.recyborg.com\\\/collection-of-used-cooking-vegetable-oil-restaurant-fryer-kitchen\\\/?lang=en#breadcrumb\",\"itemListElement\":[{\"@type\":\"ListItem\",\"position\":1,\"name\":\"Home\",\"item\":\"https:\\\/\\\/dev.recyborg.com\\\/\"},{\"@type\":\"ListItem\",\"position\":2,\"name\":\"Collection service of used cooking vegetable oil (restaurant, fryer, kitchen) in Montreal or Longueuil\"}]},{\"@type\":\"WebSite\",\"@id\":\"https:\\\/\\\/dev.recyborg.com\\\/#website\",\"url\":\"https:\\\/\\\/dev.recyborg.com\\\/\",\"name\":\"RECYBORG\",\"description\":\"Ressourcerie et point de recyclage \u00e0 Montr\u00e9al\",\"publisher\":{\"@id\":\"https:\\\/\\\/dev.recyborg.com\\\/#organization\"},\"potentialAction\":[{\"@type\":\"SearchAction\",\"target\":{\"@type\":\"EntryPoint\",\"urlTemplate\":\"https:\\\/\\\/dev.recyborg.com\\\/?s={search_term_string}\"},\"query-input\":{\"@type\":\"PropertyValueSpecification\",\"valueRequired\":true,\"valueName\":\"search_term_string\"}}],\"inLanguage\":\"fr-CA\"},{\"@type\":\"Organization\",\"@id\":\"https:\\\/\\\/dev.recyborg.com\\\/#organization\",\"name\":\"Coop Recyborg\",\"url\":\"https:\\\/\\\/dev.recyborg.com\\\/\",\"logo\":{\"@type\":\"ImageObject\",\"inLanguage\":\"fr-CA\",\"@id\":\"https:\\\/\\\/dev.recyborg.com\\\/#\\\/schema\\\/logo\\\/image\\\/\",\"url\":\"https:\\\/\\\/recyborg-www.nyc3.digitaloceanspaces.com\\\/wp-content\\\/uploads\\\/2025\\\/08\\\/28161503\\\/Screenshot-from-2025-08-28-16-14-23.png\",\"contentUrl\":\"https:\\\/\\\/recyborg-www.nyc3.digitaloceanspaces.com\\\/wp-content\\\/uploads\\\/2025\\\/08\\\/28161503\\\/Screenshot-from-2025-08-28-16-14-23.png\",\"width\":255,\"height\":41,\"caption\":\"Coop Recyborg\"},\"image\":{\"@id\":\"https:\\\/\\\/dev.recyborg.com\\\/#\\\/schema\\\/logo\\\/image\\\/\"},\"sameAs\":[\"https:\\\/\\\/www.facebook.com\\\/people\\\/Recyborg\\\/100057282436718\\\/\"]}]}<\/script>\n<!-- \/ Yoast SEO plugin. -->","yoast_head_json":{"title":"Service de collecte d'huile v\u00e9g\u00e9tale de cuisson usag\u00e9e (restaurant, friteuse, cuisine) \u00e0 Montr\u00e9al ou Longueuil - RECYBORG","robots":{"index":"noindex","follow":"follow","max-snippet":"max-snippet:-1","max-image-preview":"max-image-preview:large","max-video-preview":"max-video-preview:-1"},"og_locale":"fr_CA","og_type":"article","og_title":"Collection service of used cooking vegetable oil (restaurant, fryer, kitchen) in Montreal or Longueuil - RECYBORG","og_description":"For any information or to plan a collection","og_url":"https:\/\/dev.recyborg.com\/fr\/collecte-dhuile-vegetale-usagee-de-cuisine-de-restaurant-friteuse-cuisine\/?lang=en","og_site_name":"RECYBORG","article_publisher":"https:\/\/www.facebook.com\/people\/Recyborg\/100057282436718\/","article_modified_time":"2024-09-11T17:33:21+00:00","og_image":[{"url":"https:\/\/dev.recyborg.com\/wp-content\/uploads\/2024\/09\/Capture-decran-du-2024-09-11-12-48-44-535x663.jpg","type":"","width":"","height":""}],"twitter_card":"summary_large_image","schema":{"@context":"https:\/\/schema.org","@graph":[{"@type":"WebPage","@id":"https:\/\/dev.recyborg.com\/collection-of-used-cooking-vegetable-oil-restaurant-fryer-kitchen\/?lang=en","url":"https:\/\/dev.recyborg.com\/collection-of-used-cooking-vegetable-oil-restaurant-fryer-kitchen\/?lang=en","name":"Service de collecte d'huile v\u00e9g\u00e9tale de cuisson usag\u00e9e (restaurant, friteuse, cuisine) \u00e0 Montr\u00e9al ou Longueuil - RECYBORG","isPartOf":{"@id":"https:\/\/dev.recyborg.com\/#website"},"primaryImageOfPage":{"@id":"https:\/\/dev.recyborg.com\/collection-of-used-cooking-vegetable-oil-restaurant-fryer-kitchen\/?lang=en#primaryimage"},"image":{"@id":"https:\/\/dev.recyborg.com\/collection-of-used-cooking-vegetable-oil-restaurant-fryer-kitchen\/?lang=en#primaryimage"},"thumbnailUrl":"https:\/\/dev.recyborg.com\/wp-content\/uploads\/2024\/09\/Capture-decran-du-2024-09-11-12-48-44-535x663.jpg","datePublished":"2024-09-11T16:52:18+00:00","dateModified":"2024-09-11T17:33:21+00:00","breadcrumb":{"@id":"https:\/\/dev.recyborg.com\/collection-of-used-cooking-vegetable-oil-restaurant-fryer-kitchen\/?lang=en#breadcrumb"},"inLanguage":"fr-CA","potentialAction":[{"@type":"ReadAction","target":["https:\/\/dev.recyborg.com\/collection-of-used-cooking-vegetable-oil-restaurant-fryer-kitchen\/?lang=en"]}]},{"@type":"ImageObject","inLanguage":"fr-CA","@id":"https:\/\/dev.recyborg.com\/collection-of-used-cooking-vegetable-oil-restaurant-fryer-kitchen\/?lang=en#primaryimage","url":"https:\/\/dev.recyborg.com\/wp-content\/uploads\/2024\/09\/Capture-decran-du-2024-09-11-12-48-44-535x663.jpg","contentUrl":"https:\/\/dev.recyborg.com\/wp-content\/uploads\/2024\/09\/Capture-decran-du-2024-09-11-12-48-44-535x663.jpg"},{"@type":"BreadcrumbList","@id":"https:\/\/dev.recyborg.com\/collection-of-used-cooking-vegetable-oil-restaurant-fryer-kitchen\/?lang=en#breadcrumb","itemListElement":[{"@type":"ListItem","position":1,"name":"Home","item":"https:\/\/dev.recyborg.com\/"},{"@type":"ListItem","position":2,"name":"Collection service of used cooking vegetable oil (restaurant, fryer, kitchen) in Montreal or Longueuil"}]},{"@type":"WebSite","@id":"https:\/\/dev.recyborg.com\/#website","url":"https:\/\/dev.recyborg.com\/","name":"RECYBORG","description":"Ressourcerie et point de recyclage \u00e0 Montr\u00e9al","publisher":{"@id":"https:\/\/dev.recyborg.com\/#organization"},"potentialAction":[{"@type":"SearchAction","target":{"@type":"EntryPoint","urlTemplate":"https:\/\/dev.recyborg.com\/?s={search_term_string}"},"query-input":{"@type":"PropertyValueSpecification","valueRequired":true,"valueName":"search_term_string"}}],"inLanguage":"fr-CA"},{"@type":"Organization","@id":"https:\/\/dev.recyborg.com\/#organization","name":"Coop Recyborg","url":"https:\/\/dev.recyborg.com\/","logo":{"@type":"ImageObject","inLanguage":"fr-CA","@id":"https:\/\/dev.recyborg.com\/#\/schema\/logo\/image\/","url":"https:\/\/recyborg-www.nyc3.digitaloceanspaces.com\/wp-content\/uploads\/2025\/08\/28161503\/Screenshot-from-2025-08-28-16-14-23.png","contentUrl":"https:\/\/recyborg-www.nyc3.digitaloceanspaces.com\/wp-content\/uploads\/2025\/08\/28161503\/Screenshot-from-2025-08-28-16-14-23.png","width":255,"height":41,"caption":"Coop Recyborg"},"image":{"@id":"https:\/\/dev.recyborg.com\/#\/schema\/logo\/image\/"},"sameAs":["https:\/\/www.facebook.com\/people\/Recyborg\/100057282436718\/"]}]}},"_links":{"self":[{"href":"https:\/\/dev.recyborg.com\/fr\/wp-json\/wp\/v2\/pages\/142571","targetHints":{"allow":["GET"]}}],"collection":[{"href":"https:\/\/dev.recyborg.com\/fr\/wp-json\/wp\/v2\/pages"}],"about":[{"href":"https:\/\/dev.recyborg.com\/fr\/wp-json\/wp\/v2\/types\/page"}],"author":[{"embeddable":true,"href":"https:\/\/dev.recyborg.com\/fr\/wp-json\/wp\/v2\/users\/1"}],"replies":[{"embeddable":true,"href":"https:\/\/dev.recyborg.com\/fr\/wp-json\/wp\/v2\/comments?post=142571"}],"version-history":[{"count":0,"href":"https:\/\/dev.recyborg.com\/fr\/wp-json\/wp\/v2\/pages\/142571\/revisions"}],"wp:attachment":[{"href":"https:\/\/dev.recyborg.com\/fr\/wp-json\/wp\/v2\/media?parent=142571"}],"curies":[{"name":"wp","href":"https:\/\/api.w.org\/{rel}","templated":true}]}}